{"id":1584,"date":"2024-03-28T10:41:30","date_gmt":"2024-03-28T10:41:30","guid":{"rendered":"https:\/\/fliparas.com\/?post_type=product&#038;p=1584"},"modified":"2025-01-31T11:26:13","modified_gmt":"2025-01-31T10:26:13","slug":"bubble-foot-valencia","status":"publish","type":"product","link":"https:\/\/fliparas.com\/pt\/atividade\/bubble-foot-valencia\/","title":{"rendered":"Bubble Foot Valencia"},"content":{"rendered":"<p style=\"text-align: center;\">Bubble Foot Valencia<\/p>\n<p style=\"text-align: center;\">N\u00f3s somos <a href=\"https:\/\/fliparas.com\/pt\/despedida-de-solteiro\/\">Festa de despedida de solteiro<\/a>! <a href=\"https:\/\/fliparas.com\/pt\/festa-de-despedida-de-solteira\/\">Festa da galinha<\/a>! e estamos a organizar a vossa despedida de solteiro.<\/p>\n<p style=\"text-align: center;\"><span style=\"font-size: 23.04px; text-align: center; color: #333333;\">P\u00e9 de bolha Val\u00eancia \ud83d\udd0d<\/span><\/p>\n<p>&nbsp;<\/p>\n<div>\n<h4 style=\"text-align: center;\">Descubra a nossa divers\u00e3o imersiva: <strong>P\u00e9 de bolha!<\/strong><br \/>\nQuer uma reviravolta emocionante na sua vida?<br \/>\nBubbleFoot oferece-lhe uma hora inteira de riso, competi\u00e7\u00e3o e momentos incr\u00edveis!<\/h4>\n<div>\n<h3 style=\"text-align: center;\">Porqu\u00ea escolher esta experi\u00eancia?<\/h3>\n<ul>\n<li><strong>Podemos ajud\u00e1-lo com eventos especiais:<\/strong> Despedidas de solteiro, eventos de empresa, anivers\u00e1rios... Com Bublle Foot vai divertir-se e rir muito! \u2600\ufe0f<br \/>\n\u2800\u2800\u2800\u2800\u2800\u2800\u2800\u2800<\/li>\n<li><strong>Estamos em Val\u00eancia!<\/strong> Quer dar uma volta \u00e0 sua vida e acabar com vistas encantadoras de um dos lugares mais bonitos do mundo? O nosso p\u00e9 de burle oferece tudo isso! Venha divertir-se em Val\u00eancia! \ud83c\udf34<br \/>\n\u2800\u2800\u2800\u2800\u2800\u2800\u2800\u2800<\/li>\n<li><strong>2 horas de alegria!<\/strong> Estes 120 minutos v\u00e3o fazer toda a diferen\u00e7a no vosso dia! Com gargalhadas, carcajadas, esbarr\u00f5es em seguran\u00e7a com os vossos amigos... Vai ser de certeza inesquec\u00edvel! \ud83d\udca5<br \/>\n\u2800\u2800\u2800\u2800\u2800\u2800\u2800\u2800<\/li>\n<li><strong>Reserva f\u00e1cil em linha!<\/strong> Pode reservar de forma r\u00e1pida e segura no nosso s\u00edtio Web. Se tiver mais alguma d\u00favida, contacte-nos e n\u00f3s ajudamo-lo! \ud83d\udccc<\/li>\n<\/ul>\n<div>\u2800\u2800\u2800\u2800\u2800\u2800\u2800\u2800<\/div>\n<div style=\"text-align: center;\">N\u00e3o espere mais!<br \/>\nVenha divertir-se ao m\u00e1ximo no seu dia ou na sua vida aqui em Val\u00eancia!<\/div>\n<div style=\"text-align: center;\">\u2800\u2800\u2800\u2800\u2800\u2800\u2800\u2800<\/div>\n<div style=\"text-align: center;\">\u2800\u2800\u2800\u2800\u2800\u2800\u2800\u2800<\/div>\n<div style=\"text-align: center;\">N\u00e3o deixe passar esta oportunidade! <strong>Reserve a sua aventura Bubble Foot e prepare-se para rir muito!<\/strong><\/div>\n<div style=\"text-align: center;\">Est\u00e1s pronto para o desafio?<br \/>\n\u2800\u2800\u2800\u2800\u2800\u2800\u2800\u2800<\/div>\n<\/div>\n<\/div>\n<h3 style=\"text-align: center;\">\ud83c\udf89 Descobrir <span style=\"font-size: 23.04px; text-align: center; color: #333333;\">P\u00e9 de bolha<\/span>!<\/h3>\n<p class=\"p1\" style=\"text-align: center;\"><b>M\u00cdNIMO: 8 PESSOAS.<\/b><\/p>\n<p style=\"text-align: center;\"><strong>TEMPO: 2 HORAS.\u00a0<\/strong><\/p>","protected":false},"excerpt":{"rendered":"<h4 style=\"text-align: center;\">Bubble Foot Valencia!<br \/>\nQuer uma reviravolta emocionante na sua vida? Bubble Foot Valencia oferece-lhe duas horas de riso, competi\u00e7\u00e3o e momentos incr\u00edveis! \u26a1<\/h4>\n<p class=\"p1\" style=\"text-align: center;\">M\u00cdNIMO: 8 PESSOAS.<br \/>\nTEMPO: 2 HORAS.<\/p>","protected":false},"featured_media":1585,"template":"","meta":[],"product_brand":[425],"product_cat":[370,371,369],"product_tag":[377,146],"class_list":{"0":"post-1584","1":"product","2":"type-product","3":"status-publish","4":"has-post-thumbnail","6":"product_brand-fliparas-inc","7":"product_cat-hen-party-valencia-activities","8":"product_cat-stag-party-valencia-activities","9":"product_cat-valencia","10":"product_tag-bubble-foot-valencia","11":"product_tag-bubble-football","13":"first","14":"instock","15":"virtual","16":"sold-individually","17":"purchasable","18":"product-type-booking"},"yoast_head":"<!-- This site is optimized with the Yoast SEO plugin v26.9 - https:\/\/yoast.com\/product\/yoast-seo-wordpress\/ -->\n<title>Bubble Foot Valencia \u26a1\u200b<\/title>\n<meta name=\"description\" content=\"Want an exciting twist in your life? Bubble Foot Valencia offers you two hours of laughter, competition and incredible moments! \u26a1\u200b\" \/>\n<meta name=\"robots\" content=\"index, follow, max-snippet:-1, max-image-preview:large, max-video-preview:-1\" \/>\n<link rel=\"canonical\" href=\"https:\/\/fliparas.com\/pt\/atividade\/bubble-foot-valencia\/\" \/>\n<meta property=\"og:locale\" content=\"pt_PT\" \/>\n<meta property=\"og:type\" content=\"article\" \/>\n<meta property=\"og:title\" content=\"Bubble Foot Valencia \u26a1\u200b\" \/>\n<meta property=\"og:description\" content=\"Want an exciting twist in your life? Bubble Foot Valencia offers you two hours of laughter, competition and incredible moments! \u26a1\u200b\" \/>\n<meta property=\"og:url\" content=\"https:\/\/fliparas.com\/pt\/atividade\/bubble-foot-valencia\/\" \/>\n<meta property=\"og:site_name\" content=\"Agency Specialised in Stag and Hen Parties\" \/>\n<meta property=\"article:modified_time\" content=\"2025-01-31T10:26:13+00:00\" \/>\n<meta property=\"og:image\" content=\"https:\/\/fliparas.com\/wp-content\/uploads\/2024\/03\/1.3-Optimizacion-Web-Cusco-Creativos-3.jpg\" \/>\n\t<meta property=\"og:image:width\" content=\"2046\" \/>\n\t<meta property=\"og:image:height\" content=\"1447\" \/>\n\t<meta property=\"og:image:type\" content=\"image\/jpeg\" \/>\n<meta name=\"twitter:card\" content=\"summary_large_image\" \/>\n<meta name=\"twitter:label1\" content=\"pre\u00e7o\" \/>\n\t<meta name=\"twitter:data1\" content=\"40,00&nbsp;&euro;\" \/>\n\t<meta name=\"twitter:label2\" content=\"Disponibilidade\" \/>\n\t<meta name=\"twitter:data2\" content=\"Em stock\" \/>\n<script type=\"application\/ld+json\" class=\"yoast-schema-graph\">{\"@context\":\"https:\/\/schema.org\",\"@graph\":[{\"@type\":\"WebPage\",\"@id\":\"https:\/\/fliparas.com\/activity\/bubble-foot-valencia\/\",\"url\":\"https:\/\/fliparas.com\/activity\/bubble-foot-valencia\/\",\"name\":\"Bubble Foot Valencia \u26a1\u200b\",\"isPartOf\":{\"@id\":\"https:\/\/fliparas.com\/#website\"},\"primaryImageOfPage\":{\"@id\":\"https:\/\/fliparas.com\/activity\/bubble-foot-valencia\/#primaryimage\"},\"image\":{\"@id\":\"https:\/\/fliparas.com\/activity\/bubble-foot-valencia\/#primaryimage\"},\"thumbnailUrl\":\"https:\/\/fliparas.com\/wp-content\/uploads\/2024\/03\/1.3-Optimizacion-Web-Cusco-Creativos-3.jpg\",\"datePublished\":\"2024-03-28T10:41:30+00:00\",\"dateModified\":\"2025-01-31T10:26:13+00:00\",\"description\":\"Want an exciting twist in your life? Bubble Foot Valencia offers you two hours of laughter, competition and incredible moments! \u26a1\u200b\",\"breadcrumb\":{\"@id\":\"https:\/\/fliparas.com\/activity\/bubble-foot-valencia\/#breadcrumb\"},\"inLanguage\":\"pt-PT\",\"potentialAction\":[{\"@type\":\"ReadAction\",\"target\":[\"https:\/\/fliparas.com\/activity\/bubble-foot-valencia\/\"]}]},{\"@type\":\"ImageObject\",\"inLanguage\":\"pt-PT\",\"@id\":\"https:\/\/fliparas.com\/activity\/bubble-foot-valencia\/#primaryimage\",\"url\":\"https:\/\/fliparas.com\/wp-content\/uploads\/2024\/03\/1.3-Optimizacion-Web-Cusco-Creativos-3.jpg\",\"contentUrl\":\"https:\/\/fliparas.com\/wp-content\/uploads\/2024\/03\/1.3-Optimizacion-Web-Cusco-Creativos-3.jpg\",\"width\":2046,\"height\":1447,\"caption\":\"Bubble Foot Valencia Image 1\"},{\"@type\":\"BreadcrumbList\",\"@id\":\"https:\/\/fliparas.com\/activity\/bubble-foot-valencia\/#breadcrumb\",\"itemListElement\":[{\"@type\":\"ListItem\",\"position\":1,\"name\":\"Home\",\"item\":\"https:\/\/fliparas.com\/\"},{\"@type\":\"ListItem\",\"position\":2,\"name\":\"Shop\",\"item\":\"https:\/\/fliparas.com\/shop\/\"},{\"@type\":\"ListItem\",\"position\":3,\"name\":\"Bubble Foot Valencia\"}]},{\"@type\":\"WebSite\",\"@id\":\"https:\/\/fliparas.com\/#website\",\"url\":\"https:\/\/fliparas.com\/\",\"name\":\"Agency Specialised in Stag and Hen Parties\",\"description\":\"Trust the highest rated agency to organize an unforgettable stag and hen parties in Europe\",\"publisher\":{\"@id\":\"https:\/\/fliparas.com\/#organization\"},\"alternateName\":\"Fliparas Agency Specialised in Stag and Hen Parties\",\"potentialAction\":[{\"@type\":\"SearchAction\",\"target\":{\"@type\":\"EntryPoint\",\"urlTemplate\":\"https:\/\/fliparas.com\/?s={search_term_string}\"},\"query-input\":{\"@type\":\"PropertyValueSpecification\",\"valueRequired\":true,\"valueName\":\"search_term_string\"}}],\"inLanguage\":\"pt-PT\"},{\"@type\":\"Organization\",\"@id\":\"https:\/\/fliparas.com\/#organization\",\"name\":\"Fliparas\",\"alternateName\":\"Agency Specialised in Stag and Hen Parties\",\"url\":\"https:\/\/fliparas.com\/\",\"logo\":{\"@type\":\"ImageObject\",\"inLanguage\":\"pt-PT\",\"@id\":\"https:\/\/fliparas.com\/#\/schema\/logo\/image\/\",\"url\":\"https:\/\/fliparas.com\/wp-content\/uploads\/2024\/03\/Logo-Fliparas.png\",\"contentUrl\":\"https:\/\/fliparas.com\/wp-content\/uploads\/2024\/03\/Logo-Fliparas.png\",\"width\":1024,\"height\":1024,\"caption\":\"Fliparas\"},\"image\":{\"@id\":\"https:\/\/fliparas.com\/#\/schema\/logo\/image\/\"}}]}<\/script>\n<meta property=\"product:price:amount\" content=\"40.00\" \/>\n<meta property=\"product:price:currency\" content=\"EUR\" \/>\n<meta property=\"og:availability\" content=\"instock\" \/>\n<meta property=\"product:availability\" content=\"instock\" \/>\n<meta property=\"product:condition\" content=\"new\" \/>\n<!-- \/ Yoast SEO plugin. -->","yoast_head_json":{"title":"P\u00e9 de bolha Val\u00eancia \u26a1","description":"Quer uma reviravolta emocionante na sua vida? Bubble Foot Valencia oferece-lhe duas horas de riso, competi\u00e7\u00e3o e momentos incr\u00edveis! \u26a1","robots":{"index":"index","follow":"follow","max-snippet":"max-snippet:-1","max-image-preview":"max-image-preview:large","max-video-preview":"max-video-preview:-1"},"canonical":"https:\/\/fliparas.com\/pt\/atividade\/bubble-foot-valencia\/","og_locale":"pt_PT","og_type":"article","og_title":"Bubble Foot Valencia \u26a1\u200b","og_description":"Want an exciting twist in your life? Bubble Foot Valencia offers you two hours of laughter, competition and incredible moments! \u26a1\u200b","og_url":"https:\/\/fliparas.com\/pt\/atividade\/bubble-foot-valencia\/","og_site_name":"Agency Specialised in Stag and Hen Parties","article_modified_time":"2025-01-31T10:26:13+00:00","og_image":[{"width":2046,"height":1447,"url":"https:\/\/fliparas.com\/wp-content\/uploads\/2024\/03\/1.3-Optimizacion-Web-Cusco-Creativos-3.jpg","type":"image\/jpeg"}],"twitter_card":"summary_large_image","twitter_misc":{"pre\u00e7o":"40,00&nbsp;&euro;","Disponibilidade":"Em stock"},"schema":{"@context":"https:\/\/schema.org","@graph":[{"@type":"WebPage","@id":"https:\/\/fliparas.com\/activity\/bubble-foot-valencia\/","url":"https:\/\/fliparas.com\/activity\/bubble-foot-valencia\/","name":"P\u00e9 de bolha Val\u00eancia \u26a1","isPartOf":{"@id":"https:\/\/fliparas.com\/#website"},"primaryImageOfPage":{"@id":"https:\/\/fliparas.com\/activity\/bubble-foot-valencia\/#primaryimage"},"image":{"@id":"https:\/\/fliparas.com\/activity\/bubble-foot-valencia\/#primaryimage"},"thumbnailUrl":"https:\/\/fliparas.com\/wp-content\/uploads\/2024\/03\/1.3-Optimizacion-Web-Cusco-Creativos-3.jpg","datePublished":"2024-03-28T10:41:30+00:00","dateModified":"2025-01-31T10:26:13+00:00","description":"Quer uma reviravolta emocionante na sua vida? Bubble Foot Valencia oferece-lhe duas horas de riso, competi\u00e7\u00e3o e momentos incr\u00edveis! \u26a1","breadcrumb":{"@id":"https:\/\/fliparas.com\/activity\/bubble-foot-valencia\/#breadcrumb"},"inLanguage":"pt-PT","potentialAction":[{"@type":"ReadAction","target":["https:\/\/fliparas.com\/activity\/bubble-foot-valencia\/"]}]},{"@type":"ImageObject","inLanguage":"pt-PT","@id":"https:\/\/fliparas.com\/activity\/bubble-foot-valencia\/#primaryimage","url":"https:\/\/fliparas.com\/wp-content\/uploads\/2024\/03\/1.3-Optimizacion-Web-Cusco-Creativos-3.jpg","contentUrl":"https:\/\/fliparas.com\/wp-content\/uploads\/2024\/03\/1.3-Optimizacion-Web-Cusco-Creativos-3.jpg","width":2046,"height":1447,"caption":"Bubble Foot Valencia Image 1"},{"@type":"BreadcrumbList","@id":"https:\/\/fliparas.com\/activity\/bubble-foot-valencia\/#breadcrumb","itemListElement":[{"@type":"ListItem","position":1,"name":"Home","item":"https:\/\/fliparas.com\/"},{"@type":"ListItem","position":2,"name":"Shop","item":"https:\/\/fliparas.com\/shop\/"},{"@type":"ListItem","position":3,"name":"Bubble Foot Valencia"}]},{"@type":"WebSite","@id":"https:\/\/fliparas.com\/#website","url":"https:\/\/fliparas.com\/","name":"Ag\u00eancia especializada em despedidas de solteiro e de solteira","description":"Confie na ag\u00eancia mais bem classificada para organizar uma despedida de solteiro ou de solteira inesquec\u00edvel na Europa","publisher":{"@id":"https:\/\/fliparas.com\/#organization"},"alternateName":"Fliparas Agency Specialised in Stag and Hen Parties","potentialAction":[{"@type":"SearchAction","target":{"@type":"EntryPoint","urlTemplate":"https:\/\/fliparas.com\/?s={search_term_string}"},"query-input":{"@type":"PropertyValueSpecification","valueRequired":true,"valueName":"search_term_string"}}],"inLanguage":"pt-PT"},{"@type":"Organization","@id":"https:\/\/fliparas.com\/#organization","name":"Fliparas","alternateName":"Agency Specialised in Stag and Hen Parties","url":"https:\/\/fliparas.com\/","logo":{"@type":"ImageObject","inLanguage":"pt-PT","@id":"https:\/\/fliparas.com\/#\/schema\/logo\/image\/","url":"https:\/\/fliparas.com\/wp-content\/uploads\/2024\/03\/Logo-Fliparas.png","contentUrl":"https:\/\/fliparas.com\/wp-content\/uploads\/2024\/03\/Logo-Fliparas.png","width":1024,"height":1024,"caption":"Fliparas"},"image":{"@id":"https:\/\/fliparas.com\/#\/schema\/logo\/image\/"}}]},"product_price_amount":"40.00","product_price_currency":"EUR","og_availability":"instock","product_availability":"instock","product_condition":"new"},"_links":{"self":[{"href":"https:\/\/fliparas.com\/pt\/wp-json\/wp\/v2\/product\/1584","targetHints":{"allow":["GET"]}}],"collection":[{"href":"https:\/\/fliparas.com\/pt\/wp-json\/wp\/v2\/product"}],"about":[{"href":"https:\/\/fliparas.com\/pt\/wp-json\/wp\/v2\/types\/product"}],"wp:featuredmedia":[{"embeddable":true,"href":"https:\/\/fliparas.com\/pt\/wp-json\/wp\/v2\/media\/1585"}],"wp:attachment":[{"href":"https:\/\/fliparas.com\/pt\/wp-json\/wp\/v2\/media?parent=1584"}],"wp:term":[{"taxonomy":"product_brand","embeddable":true,"href":"https:\/\/fliparas.com\/pt\/wp-json\/wp\/v2\/product_brand?post=1584"},{"taxonomy":"product_cat","embeddable":true,"href":"https:\/\/fliparas.com\/pt\/wp-json\/wp\/v2\/product_cat?post=1584"},{"taxonomy":"product_tag","embeddable":true,"href":"https:\/\/fliparas.com\/pt\/wp-json\/wp\/v2\/product_tag?post=1584"}],"curies":[{"name":"wp","href":"https:\/\/api.w.org\/{rel}","templated":true}]}}