{"id":434,"date":"2024-03-19T12:24:07","date_gmt":"2024-03-19T12:24:07","guid":{"rendered":"https:\/\/fliparas.com\/?post_type=product&#038;p=434"},"modified":"2025-01-31T11:26:10","modified_gmt":"2025-01-31T10:26:10","slug":"luta-sensual-em-mallorca","status":"publish","type":"product","link":"https:\/\/fliparas.com\/pt\/atividade\/luta-sensual-em-mallorca\/","title":{"rendered":"Luta sensual em Mallorca"},"content":{"rendered":"<p>Luta sensual em Maiorca. Uma luta numa piscina cheia de chocolate entre duas strippers em biqu\u00edni e o noivo. No final, as raparigas acabam por se encontrar no m\u00ednimo dos m\u00ednimos. Anima\u00e7\u00e3o divertida e colaborativa.<\/p>\n<p>As melhores despedidas de solteiro com <a href=\"https:\/\/fliparas.com\/pt\/despedida-de-solteiro\/\">Festa de despedida de solteiro<\/a>! <a href=\"https:\/\/fliparas.com\/pt\/festa-de-despedida-de-solteira\/\">Festa da galinha<\/a>!<\/p>\n<h2 style=\"text-align: center;\">Luta sensual em Mallorca\ud83d\udd25<\/h2>\n<p>Imagine viver o sonho de toda a gente. Duas mulheres bonitas e ousadas enfrentam-se numa luta impiedosa. A lama cobre-as, tornando-as ainda mais sensuais e provocantes. Uma luta entre duas raparigas explosivas em biqu\u00edni, numa piscina de \u00e1gua e chocolate. O noivo, o nosso protagonista da despedida de solteiro, estar\u00e1 dentro da piscina. Embora a luta comece com as duas raparigas em biqu\u00edni, terminar\u00e1 sem os tops.<\/p>\n<p>Todos sabemos que, numa luta, h\u00e1 muitos toques, muitas esfregadelas.... O que \u00e9 melhor do que ver estas lindas raparigas a esfregarem-se umas nas outras?<\/p>\n<p>Reserve com o seu grupo e n\u00e3o perca esta experi\u00eancia er\u00f3tica e divertida.<\/p>\n<p>O combate \u00e9 intenso e apaixonado. As duas mulheres lutam com todas as suas for\u00e7as, criando um espet\u00e1culo espetacular e cheio de adrenalina.<\/p>\n<p>A luta na lama \u00e9 um espet\u00e1culo \u00fanico e selvagem. Pense nisso antes de partir, vai ficar sem f\u00f4lego.<\/p>\n<p>Consegue imaginar uma melhor maneira de celebrar a sua despedida de solteiro do que este encontro sensual em <a href=\"https:\/\/es.wikipedia.org\/wiki\/Palma_de_Mallorca\">Palma<\/a> o Magaluf?<\/p>\n<p style=\"text-align: center;\">Reserve sua luta sexy em Mallorca agora\ud83d\udd25<\/p>","protected":false},"excerpt":{"rendered":"<p>Uma luta numa piscina cheia de chocolate entre duas strippers em biqu\u00edni e o noivo. No final, as raparigas acabam por se encontrar no m\u00ednimo dos m\u00ednimos. Anima\u00e7\u00e3o divertida e colaborativa.<\/p>","protected":false},"featured_media":0,"template":"","meta":[],"product_brand":[425],"product_cat":[193,165,194],"product_tag":[189,188],"class_list":{"0":"post-434","1":"product","2":"type-product","3":"status-publish","5":"product_brand-fliparas-inc","6":"product_cat-hen-party-mallorca","7":"product_cat-mallorca","8":"product_cat-stag-party-mallorca","9":"product_tag-erotic-fight-in-mallorca","10":"product_tag-sexy-fight-in-mallorca","12":"first","13":"instock","14":"virtual","15":"sold-individually","16":"purchasable","17":"product-type-booking"},"yoast_head":"<!-- This site is optimized with the Yoast SEO plugin v26.9 - https:\/\/yoast.com\/product\/yoast-seo-wordpress\/ -->\n<title>Sexy fight in Mallorca<\/title>\n<meta name=\"description\" content=\"Sexy fight in Mallorca - A fight in a swimming pool full of chocolate between two strippers in bikinis and the fianc\u00e9. Wrestling in the mud\" \/>\n<meta name=\"robots\" content=\"index, follow, max-snippet:-1, max-image-preview:large, max-video-preview:-1\" \/>\n<link rel=\"canonical\" href=\"https:\/\/fliparas.com\/pt\/atividade\/luta-sensual-em-mallorca\/\" \/>\n<meta property=\"og:locale\" content=\"pt_PT\" \/>\n<meta property=\"og:type\" content=\"article\" \/>\n<meta property=\"og:title\" content=\"Sexy fight in Mallorca\" \/>\n<meta property=\"og:description\" content=\"Sexy fight in Mallorca - A fight in a swimming pool full of chocolate between two strippers in bikinis and the fianc\u00e9. Wrestling in the mud\" \/>\n<meta property=\"og:url\" content=\"https:\/\/fliparas.com\/pt\/atividade\/luta-sensual-em-mallorca\/\" \/>\n<meta property=\"og:site_name\" content=\"Agency Specialised in Stag and Hen Parties\" \/>\n<meta property=\"article:modified_time\" content=\"2025-01-31T10:26:10+00:00\" \/>\n<meta property=\"og:image\" content=\"https:\/\/fliparas.com\/wp-content\/uploads\/2024\/03\/Logo-Fliparas-Rec.png\" \/>\n\t<meta property=\"og:image:width\" content=\"1024\" \/>\n\t<meta property=\"og:image:height\" content=\"576\" \/>\n\t<meta property=\"og:image:type\" content=\"image\/png\" \/>\n<meta name=\"twitter:card\" content=\"summary_large_image\" \/>\n<meta name=\"twitter:label1\" content=\"pre\u00e7o\" \/>\n\t<meta name=\"twitter:data1\" content=\"600,00&nbsp;&euro;\" \/>\n\t<meta name=\"twitter:label2\" content=\"Disponibilidade\" \/>\n\t<meta name=\"twitter:data2\" content=\"Em stock\" \/>\n<script type=\"application\/ld+json\" class=\"yoast-schema-graph\">{\"@context\":\"https:\/\/schema.org\",\"@graph\":[{\"@type\":\"WebPage\",\"@id\":\"https:\/\/fliparas.com\/activity\/sexy-fight-in-mallorca\/\",\"url\":\"https:\/\/fliparas.com\/activity\/sexy-fight-in-mallorca\/\",\"name\":\"Sexy fight in Mallorca\",\"isPartOf\":{\"@id\":\"https:\/\/fliparas.com\/#website\"},\"datePublished\":\"2024-03-19T12:24:07+00:00\",\"dateModified\":\"2025-01-31T10:26:10+00:00\",\"description\":\"Sexy fight in Mallorca - A fight in a swimming pool full of chocolate between two strippers in bikinis and the fianc\u00e9. Wrestling in the mud\",\"breadcrumb\":{\"@id\":\"https:\/\/fliparas.com\/activity\/sexy-fight-in-mallorca\/#breadcrumb\"},\"inLanguage\":\"pt-PT\",\"potentialAction\":[{\"@type\":\"ReadAction\",\"target\":[\"https:\/\/fliparas.com\/activity\/sexy-fight-in-mallorca\/\"]}]},{\"@type\":\"BreadcrumbList\",\"@id\":\"https:\/\/fliparas.com\/activity\/sexy-fight-in-mallorca\/#breadcrumb\",\"itemListElement\":[{\"@type\":\"ListItem\",\"position\":1,\"name\":\"Home\",\"item\":\"https:\/\/fliparas.com\/\"},{\"@type\":\"ListItem\",\"position\":2,\"name\":\"Shop\",\"item\":\"https:\/\/fliparas.com\/shop\/\"},{\"@type\":\"ListItem\",\"position\":3,\"name\":\"Sexy fight in Mallorca\"}]},{\"@type\":\"WebSite\",\"@id\":\"https:\/\/fliparas.com\/#website\",\"url\":\"https:\/\/fliparas.com\/\",\"name\":\"Agency Specialised in Stag and Hen Parties\",\"description\":\"Trust the highest rated agency to organize an unforgettable stag and hen parties in Europe\",\"publisher\":{\"@id\":\"https:\/\/fliparas.com\/#organization\"},\"alternateName\":\"Fliparas Agency Specialised in Stag and Hen Parties\",\"potentialAction\":[{\"@type\":\"SearchAction\",\"target\":{\"@type\":\"EntryPoint\",\"urlTemplate\":\"https:\/\/fliparas.com\/?s={search_term_string}\"},\"query-input\":{\"@type\":\"PropertyValueSpecification\",\"valueRequired\":true,\"valueName\":\"search_term_string\"}}],\"inLanguage\":\"pt-PT\"},{\"@type\":\"Organization\",\"@id\":\"https:\/\/fliparas.com\/#organization\",\"name\":\"Fliparas\",\"alternateName\":\"Agency Specialised in Stag and Hen Parties\",\"url\":\"https:\/\/fliparas.com\/\",\"logo\":{\"@type\":\"ImageObject\",\"inLanguage\":\"pt-PT\",\"@id\":\"https:\/\/fliparas.com\/#\/schema\/logo\/image\/\",\"url\":\"https:\/\/fliparas.com\/wp-content\/uploads\/2024\/03\/Logo-Fliparas.png\",\"contentUrl\":\"https:\/\/fliparas.com\/wp-content\/uploads\/2024\/03\/Logo-Fliparas.png\",\"width\":1024,\"height\":1024,\"caption\":\"Fliparas\"},\"image\":{\"@id\":\"https:\/\/fliparas.com\/#\/schema\/logo\/image\/\"}}]}<\/script>\n<meta property=\"product:price:amount\" content=\"600.00\" \/>\n<meta property=\"product:price:currency\" content=\"EUR\" \/>\n<meta property=\"og:availability\" content=\"instock\" \/>\n<meta property=\"product:availability\" content=\"instock\" \/>\n<meta property=\"product:condition\" content=\"new\" \/>\n<!-- \/ Yoast SEO plugin. -->","yoast_head_json":{"title":"Luta sensual em Mallorca","description":"Luta sensual em Maiorca - Uma luta numa piscina cheia de chocolate entre duas strippers em biqu\u00edni e o noivo. Luta livre na lama","robots":{"index":"index","follow":"follow","max-snippet":"max-snippet:-1","max-image-preview":"max-image-preview:large","max-video-preview":"max-video-preview:-1"},"canonical":"https:\/\/fliparas.com\/pt\/atividade\/luta-sensual-em-mallorca\/","og_locale":"pt_PT","og_type":"article","og_title":"Sexy fight in Mallorca","og_description":"Sexy fight in Mallorca - A fight in a swimming pool full of chocolate between two strippers in bikinis and the fianc\u00e9. Wrestling in the mud","og_url":"https:\/\/fliparas.com\/pt\/atividade\/luta-sensual-em-mallorca\/","og_site_name":"Agency Specialised in Stag and Hen Parties","article_modified_time":"2025-01-31T10:26:10+00:00","og_image":[{"width":1024,"height":576,"url":"https:\/\/fliparas.com\/wp-content\/uploads\/2024\/03\/Logo-Fliparas-Rec.png","type":"image\/png"}],"twitter_card":"summary_large_image","twitter_misc":{"pre\u00e7o":"600,00&nbsp;&euro;","Disponibilidade":"Em stock"},"schema":{"@context":"https:\/\/schema.org","@graph":[{"@type":"WebPage","@id":"https:\/\/fliparas.com\/activity\/sexy-fight-in-mallorca\/","url":"https:\/\/fliparas.com\/activity\/sexy-fight-in-mallorca\/","name":"Luta sensual em Mallorca","isPartOf":{"@id":"https:\/\/fliparas.com\/#website"},"datePublished":"2024-03-19T12:24:07+00:00","dateModified":"2025-01-31T10:26:10+00:00","description":"Luta sensual em Maiorca - Uma luta numa piscina cheia de chocolate entre duas strippers em biqu\u00edni e o noivo. Luta livre na lama","breadcrumb":{"@id":"https:\/\/fliparas.com\/activity\/sexy-fight-in-mallorca\/#breadcrumb"},"inLanguage":"pt-PT","potentialAction":[{"@type":"ReadAction","target":["https:\/\/fliparas.com\/activity\/sexy-fight-in-mallorca\/"]}]},{"@type":"BreadcrumbList","@id":"https:\/\/fliparas.com\/activity\/sexy-fight-in-mallorca\/#breadcrumb","itemListElement":[{"@type":"ListItem","position":1,"name":"Home","item":"https:\/\/fliparas.com\/"},{"@type":"ListItem","position":2,"name":"Shop","item":"https:\/\/fliparas.com\/shop\/"},{"@type":"ListItem","position":3,"name":"Sexy fight in Mallorca"}]},{"@type":"WebSite","@id":"https:\/\/fliparas.com\/#website","url":"https:\/\/fliparas.com\/","name":"Ag\u00eancia especializada em despedidas de solteiro e de solteira","description":"Confie na ag\u00eancia mais bem classificada para organizar uma despedida de solteiro ou de solteira inesquec\u00edvel na Europa","publisher":{"@id":"https:\/\/fliparas.com\/#organization"},"alternateName":"Fliparas Agency Specialised in Stag and Hen Parties","potentialAction":[{"@type":"SearchAction","target":{"@type":"EntryPoint","urlTemplate":"https:\/\/fliparas.com\/?s={search_term_string}"},"query-input":{"@type":"PropertyValueSpecification","valueRequired":true,"valueName":"search_term_string"}}],"inLanguage":"pt-PT"},{"@type":"Organization","@id":"https:\/\/fliparas.com\/#organization","name":"Fliparas","alternateName":"Agency Specialised in Stag and Hen Parties","url":"https:\/\/fliparas.com\/","logo":{"@type":"ImageObject","inLanguage":"pt-PT","@id":"https:\/\/fliparas.com\/#\/schema\/logo\/image\/","url":"https:\/\/fliparas.com\/wp-content\/uploads\/2024\/03\/Logo-Fliparas.png","contentUrl":"https:\/\/fliparas.com\/wp-content\/uploads\/2024\/03\/Logo-Fliparas.png","width":1024,"height":1024,"caption":"Fliparas"},"image":{"@id":"https:\/\/fliparas.com\/#\/schema\/logo\/image\/"}}]},"product_price_amount":"600.00","product_price_currency":"EUR","og_availability":"instock","product_availability":"instock","product_condition":"new"},"_links":{"self":[{"href":"https:\/\/fliparas.com\/pt\/wp-json\/wp\/v2\/product\/434","targetHints":{"allow":["GET"]}}],"collection":[{"href":"https:\/\/fliparas.com\/pt\/wp-json\/wp\/v2\/product"}],"about":[{"href":"https:\/\/fliparas.com\/pt\/wp-json\/wp\/v2\/types\/product"}],"wp:attachment":[{"href":"https:\/\/fliparas.com\/pt\/wp-json\/wp\/v2\/media?parent=434"}],"wp:term":[{"taxonomy":"product_brand","embeddable":true,"href":"https:\/\/fliparas.com\/pt\/wp-json\/wp\/v2\/product_brand?post=434"},{"taxonomy":"product_cat","embeddable":true,"href":"https:\/\/fliparas.com\/pt\/wp-json\/wp\/v2\/product_cat?post=434"},{"taxonomy":"product_tag","embeddable":true,"href":"https:\/\/fliparas.com\/pt\/wp-json\/wp\/v2\/product_tag?post=434"}],"curies":[{"name":"wp","href":"https:\/\/api.w.org\/{rel}","templated":true}]}}