{"id":438,"date":"2024-03-19T12:24:08","date_gmt":"2024-03-19T12:24:08","guid":{"rendered":"https:\/\/fliparas.com\/?post_type=product&#038;p=438"},"modified":"2025-01-31T11:26:09","modified_gmt":"2025-01-31T10:26:09","slug":"parque-aquatico-de-mallorca","status":"publish","type":"product","link":"https:\/\/fliparas.com\/pt\/atividade\/parque-aquatico-de-mallorca\/","title":{"rendered":"Parque aqu\u00e1tico de Maiorca"},"content":{"rendered":"<p>Parque aqu\u00e1tico de Maiorca. Est\u00e1 muito calor em Maiorca. Desfrute de sete horas de \u00e1gua e atrac\u00e7\u00f5es divertidas.<\/p>\n<p>As melhores despedidas de solteiro com <a href=\"https:\/\/fliparas.com\/pt\/despedida-de-solteiro\/\">Festa de despedida de solteiro<\/a>! <a href=\"https:\/\/fliparas.com\/pt\/festa-de-despedida-de-solteira\/\">Festa da galinha<\/a>!<\/p>\n<h2 style=\"text-align: center;\">Parque Aqu\u00e1tico de Maiorca \ud83c\udf0a<\/h2>\n<p style=\"text-align: center;\">VENDA M\u00cdNIMA: 6 PESSOAS.<\/p>\n<h5>\ud83c\udf1e Prazeres aqu\u00e1ticos em Maiorca! \ud83c\udfd6\ufe0f<\/h5>\n<p>Refresque-se e fuja do calor do ver\u00e3o no cora\u00e7\u00e3o de Mallorca com o nosso incr\u00edvel parque aqu\u00e1tico! \ud83c\udf0a<\/p>\n<p>Experimente sete horas de divers\u00e3o sem fim no nosso o\u00e1sis aqu\u00e1tico, onde o esperam piscinas cintilantes e atrac\u00e7\u00f5es emocionantes.<\/p>\n<p>Fa\u00e7a uma merecida pausa da fiesta e mergulhe num mundo de divers\u00e3o aqu\u00e1tica. Passe o dia no nosso Parque Aqu\u00e1tico de Maiorca.<\/p>\n<p>Deslize por escorregas espectaculares, flutue tranquilamente no rio lento ou fa\u00e7a ondas na piscina de ondas. As nossas atrac\u00e7\u00f5es foram concebidas para agradar a todas as idades e aventureiros!<\/p>\n<p>Enquanto a magia acontece na \u00e1gua, no interior, h\u00e1 uma variedade de refrescos \u00e0 espera. Desde snacks a bebidas com g\u00e1s, tudo o que precisa para se energizar est\u00e1 mesmo ao seu alcance.<\/p>\n<p>\ud83c\udf1f Reserve j\u00e1 o seu dia de refresco e divers\u00e3o!<\/p>\n<p>O nosso parque aqu\u00e1tico \u00e9 o local ideal para passar momentos inesquec\u00edveis em fam\u00edlia ou com amigos. N\u00e3o perca esta oportunidade de transformar o calor do ver\u00e3o em explos\u00f5es de riso e mem\u00f3rias memor\u00e1veis! \ud83c\udf1e<\/p>\n<p style=\"text-align: center;\">Passe um dia divertido em <a href=\"https:\/\/es.wikipedia.org\/wiki\/Mallorca\">Maiorca<\/a>!<\/p>","protected":false},"excerpt":{"rendered":"<p>Parque aqu\u00e1tico de Maiorca. Est\u00e1 muito calor em Maiorca. Desfrute de sete horas de \u00e1gua e atrac\u00e7\u00f5es divertidas.<\/p>\n<p>VENDA M\u00cdNIMA: 6 PESSOAS.<\/p>","protected":false},"featured_media":880,"template":"","meta":[],"product_brand":[425],"product_cat":[193,165,194],"product_tag":[249],"class_list":{"0":"post-438","1":"product","2":"type-product","3":"status-publish","4":"has-post-thumbnail","6":"product_brand-fliparas-inc","7":"product_cat-hen-party-mallorca","8":"product_cat-mallorca","9":"product_cat-stag-party-mallorca","10":"product_tag-water-park","12":"first","13":"instock","14":"virtual","15":"sold-individually","16":"purchasable","17":"product-type-booking"},"yoast_head":"<!-- This site is optimized with the Yoast SEO plugin v26.9 - https:\/\/yoast.com\/product\/yoast-seo-wordpress\/ -->\n<title>Mallorca Water Park<\/title>\n<meta name=\"description\" content=\"Mallorca Water Park. Mallorca WaterPark. It is very hot in Mallorca. Enjoy seven hours of water and fun attractions.\" \/>\n<meta name=\"robots\" content=\"index, follow, max-snippet:-1, max-image-preview:large, max-video-preview:-1\" \/>\n<link rel=\"canonical\" href=\"https:\/\/fliparas.com\/pt\/atividade\/parque-aquatico-de-mallorca\/\" \/>\n<meta property=\"og:locale\" content=\"pt_PT\" \/>\n<meta property=\"og:type\" content=\"article\" \/>\n<meta property=\"og:title\" content=\"Mallorca Water Park\" \/>\n<meta property=\"og:description\" content=\"Mallorca Water Park. Mallorca WaterPark. It is very hot in Mallorca. Enjoy seven hours of water and fun attractions.\" \/>\n<meta property=\"og:url\" content=\"https:\/\/fliparas.com\/pt\/atividade\/parque-aquatico-de-mallorca\/\" \/>\n<meta property=\"og:site_name\" content=\"Agency Specialised in Stag and Hen Parties\" \/>\n<meta property=\"article:modified_time\" content=\"2025-01-31T10:26:09+00:00\" \/>\n<meta property=\"og:image\" content=\"https:\/\/fliparas.com\/wp-content\/uploads\/2024\/03\/Water-Park-img.jpeg\" \/>\n\t<meta property=\"og:image:width\" content=\"1024\" \/>\n\t<meta property=\"og:image:height\" content=\"1024\" \/>\n\t<meta property=\"og:image:type\" content=\"image\/jpeg\" \/>\n<meta name=\"twitter:card\" content=\"summary_large_image\" \/>\n<meta name=\"twitter:label1\" content=\"pre\u00e7o\" \/>\n\t<meta name=\"twitter:data1\" content=\"48,00&nbsp;&euro;\" \/>\n\t<meta name=\"twitter:label2\" content=\"Disponibilidade\" \/>\n\t<meta name=\"twitter:data2\" content=\"Em stock\" \/>\n<script type=\"application\/ld+json\" class=\"yoast-schema-graph\">{\"@context\":\"https:\/\/schema.org\",\"@graph\":[{\"@type\":\"WebPage\",\"@id\":\"https:\/\/fliparas.com\/activity\/mallorca-water-park\/\",\"url\":\"https:\/\/fliparas.com\/activity\/mallorca-water-park\/\",\"name\":\"Mallorca Water Park\",\"isPartOf\":{\"@id\":\"https:\/\/fliparas.com\/#website\"},\"primaryImageOfPage\":{\"@id\":\"https:\/\/fliparas.com\/activity\/mallorca-water-park\/#primaryimage\"},\"image\":{\"@id\":\"https:\/\/fliparas.com\/activity\/mallorca-water-park\/#primaryimage\"},\"thumbnailUrl\":\"https:\/\/fliparas.com\/wp-content\/uploads\/2024\/03\/Water-Park-img.jpeg\",\"datePublished\":\"2024-03-19T12:24:08+00:00\",\"dateModified\":\"2025-01-31T10:26:09+00:00\",\"description\":\"Mallorca Water Park. Mallorca WaterPark. It is very hot in Mallorca. Enjoy seven hours of water and fun attractions.\",\"breadcrumb\":{\"@id\":\"https:\/\/fliparas.com\/activity\/mallorca-water-park\/#breadcrumb\"},\"inLanguage\":\"pt-PT\",\"potentialAction\":[{\"@type\":\"ReadAction\",\"target\":[\"https:\/\/fliparas.com\/activity\/mallorca-water-park\/\"]}]},{\"@type\":\"ImageObject\",\"inLanguage\":\"pt-PT\",\"@id\":\"https:\/\/fliparas.com\/activity\/mallorca-water-park\/#primaryimage\",\"url\":\"https:\/\/fliparas.com\/wp-content\/uploads\/2024\/03\/Water-Park-img.jpeg\",\"contentUrl\":\"https:\/\/fliparas.com\/wp-content\/uploads\/2024\/03\/Water-Park-img.jpeg\",\"width\":1024,\"height\":1024},{\"@type\":\"BreadcrumbList\",\"@id\":\"https:\/\/fliparas.com\/activity\/mallorca-water-park\/#breadcrumb\",\"itemListElement\":[{\"@type\":\"ListItem\",\"position\":1,\"name\":\"Home\",\"item\":\"https:\/\/fliparas.com\/\"},{\"@type\":\"ListItem\",\"position\":2,\"name\":\"Shop\",\"item\":\"https:\/\/fliparas.com\/shop\/\"},{\"@type\":\"ListItem\",\"position\":3,\"name\":\"Mallorca Water Park\"}]},{\"@type\":\"WebSite\",\"@id\":\"https:\/\/fliparas.com\/#website\",\"url\":\"https:\/\/fliparas.com\/\",\"name\":\"Agency Specialised in Stag and Hen Parties\",\"description\":\"Trust the highest rated agency to organize an unforgettable stag and hen parties in Europe\",\"publisher\":{\"@id\":\"https:\/\/fliparas.com\/#organization\"},\"alternateName\":\"Fliparas Agency Specialised in Stag and Hen Parties\",\"potentialAction\":[{\"@type\":\"SearchAction\",\"target\":{\"@type\":\"EntryPoint\",\"urlTemplate\":\"https:\/\/fliparas.com\/?s={search_term_string}\"},\"query-input\":{\"@type\":\"PropertyValueSpecification\",\"valueRequired\":true,\"valueName\":\"search_term_string\"}}],\"inLanguage\":\"pt-PT\"},{\"@type\":\"Organization\",\"@id\":\"https:\/\/fliparas.com\/#organization\",\"name\":\"Fliparas\",\"alternateName\":\"Agency Specialised in Stag and Hen Parties\",\"url\":\"https:\/\/fliparas.com\/\",\"logo\":{\"@type\":\"ImageObject\",\"inLanguage\":\"pt-PT\",\"@id\":\"https:\/\/fliparas.com\/#\/schema\/logo\/image\/\",\"url\":\"https:\/\/fliparas.com\/wp-content\/uploads\/2024\/03\/Logo-Fliparas.png\",\"contentUrl\":\"https:\/\/fliparas.com\/wp-content\/uploads\/2024\/03\/Logo-Fliparas.png\",\"width\":1024,\"height\":1024,\"caption\":\"Fliparas\"},\"image\":{\"@id\":\"https:\/\/fliparas.com\/#\/schema\/logo\/image\/\"}}]}<\/script>\n<meta property=\"product:price:amount\" content=\"48.00\" \/>\n<meta property=\"product:price:currency\" content=\"EUR\" \/>\n<meta property=\"og:availability\" content=\"instock\" \/>\n<meta property=\"product:availability\" content=\"instock\" \/>\n<meta property=\"product:condition\" content=\"new\" \/>\n<!-- \/ Yoast SEO plugin. -->","yoast_head_json":{"title":"Parque aqu\u00e1tico de Maiorca","description":"Parque aqu\u00e1tico de Maiorca. Parque Aqu\u00e1tico de Maiorca. Faz muito calor em Maiorca. Desfrute de sete horas de \u00e1gua e atrac\u00e7\u00f5es divertidas.","robots":{"index":"index","follow":"follow","max-snippet":"max-snippet:-1","max-image-preview":"max-image-preview:large","max-video-preview":"max-video-preview:-1"},"canonical":"https:\/\/fliparas.com\/pt\/atividade\/parque-aquatico-de-mallorca\/","og_locale":"pt_PT","og_type":"article","og_title":"Mallorca Water Park","og_description":"Mallorca Water Park. Mallorca WaterPark. It is very hot in Mallorca. Enjoy seven hours of water and fun attractions.","og_url":"https:\/\/fliparas.com\/pt\/atividade\/parque-aquatico-de-mallorca\/","og_site_name":"Agency Specialised in Stag and Hen Parties","article_modified_time":"2025-01-31T10:26:09+00:00","og_image":[{"width":1024,"height":1024,"url":"https:\/\/fliparas.com\/wp-content\/uploads\/2024\/03\/Water-Park-img.jpeg","type":"image\/jpeg"}],"twitter_card":"summary_large_image","twitter_misc":{"pre\u00e7o":"48,00&nbsp;&euro;","Disponibilidade":"Em stock"},"schema":{"@context":"https:\/\/schema.org","@graph":[{"@type":"WebPage","@id":"https:\/\/fliparas.com\/activity\/mallorca-water-park\/","url":"https:\/\/fliparas.com\/activity\/mallorca-water-park\/","name":"Parque aqu\u00e1tico de Maiorca","isPartOf":{"@id":"https:\/\/fliparas.com\/#website"},"primaryImageOfPage":{"@id":"https:\/\/fliparas.com\/activity\/mallorca-water-park\/#primaryimage"},"image":{"@id":"https:\/\/fliparas.com\/activity\/mallorca-water-park\/#primaryimage"},"thumbnailUrl":"https:\/\/fliparas.com\/wp-content\/uploads\/2024\/03\/Water-Park-img.jpeg","datePublished":"2024-03-19T12:24:08+00:00","dateModified":"2025-01-31T10:26:09+00:00","description":"Parque aqu\u00e1tico de Maiorca. Parque Aqu\u00e1tico de Maiorca. Faz muito calor em Maiorca. Desfrute de sete horas de \u00e1gua e atrac\u00e7\u00f5es divertidas.","breadcrumb":{"@id":"https:\/\/fliparas.com\/activity\/mallorca-water-park\/#breadcrumb"},"inLanguage":"pt-PT","potentialAction":[{"@type":"ReadAction","target":["https:\/\/fliparas.com\/activity\/mallorca-water-park\/"]}]},{"@type":"ImageObject","inLanguage":"pt-PT","@id":"https:\/\/fliparas.com\/activity\/mallorca-water-park\/#primaryimage","url":"https:\/\/fliparas.com\/wp-content\/uploads\/2024\/03\/Water-Park-img.jpeg","contentUrl":"https:\/\/fliparas.com\/wp-content\/uploads\/2024\/03\/Water-Park-img.jpeg","width":1024,"height":1024},{"@type":"BreadcrumbList","@id":"https:\/\/fliparas.com\/activity\/mallorca-water-park\/#breadcrumb","itemListElement":[{"@type":"ListItem","position":1,"name":"Home","item":"https:\/\/fliparas.com\/"},{"@type":"ListItem","position":2,"name":"Shop","item":"https:\/\/fliparas.com\/shop\/"},{"@type":"ListItem","position":3,"name":"Mallorca Water Park"}]},{"@type":"WebSite","@id":"https:\/\/fliparas.com\/#website","url":"https:\/\/fliparas.com\/","name":"Ag\u00eancia especializada em despedidas de solteiro e de solteira","description":"Confie na ag\u00eancia mais bem classificada para organizar uma despedida de solteiro ou de solteira inesquec\u00edvel na Europa","publisher":{"@id":"https:\/\/fliparas.com\/#organization"},"alternateName":"Fliparas Agency Specialised in Stag and Hen Parties","potentialAction":[{"@type":"SearchAction","target":{"@type":"EntryPoint","urlTemplate":"https:\/\/fliparas.com\/?s={search_term_string}"},"query-input":{"@type":"PropertyValueSpecification","valueRequired":true,"valueName":"search_term_string"}}],"inLanguage":"pt-PT"},{"@type":"Organization","@id":"https:\/\/fliparas.com\/#organization","name":"Fliparas","alternateName":"Agency Specialised in Stag and Hen Parties","url":"https:\/\/fliparas.com\/","logo":{"@type":"ImageObject","inLanguage":"pt-PT","@id":"https:\/\/fliparas.com\/#\/schema\/logo\/image\/","url":"https:\/\/fliparas.com\/wp-content\/uploads\/2024\/03\/Logo-Fliparas.png","contentUrl":"https:\/\/fliparas.com\/wp-content\/uploads\/2024\/03\/Logo-Fliparas.png","width":1024,"height":1024,"caption":"Fliparas"},"image":{"@id":"https:\/\/fliparas.com\/#\/schema\/logo\/image\/"}}]},"product_price_amount":"48.00","product_price_currency":"EUR","og_availability":"instock","product_availability":"instock","product_condition":"new"},"_links":{"self":[{"href":"https:\/\/fliparas.com\/pt\/wp-json\/wp\/v2\/product\/438","targetHints":{"allow":["GET"]}}],"collection":[{"href":"https:\/\/fliparas.com\/pt\/wp-json\/wp\/v2\/product"}],"about":[{"href":"https:\/\/fliparas.com\/pt\/wp-json\/wp\/v2\/types\/product"}],"wp:featuredmedia":[{"embeddable":true,"href":"https:\/\/fliparas.com\/pt\/wp-json\/wp\/v2\/media\/880"}],"wp:attachment":[{"href":"https:\/\/fliparas.com\/pt\/wp-json\/wp\/v2\/media?parent=438"}],"wp:term":[{"taxonomy":"product_brand","embeddable":true,"href":"https:\/\/fliparas.com\/pt\/wp-json\/wp\/v2\/product_brand?post=438"},{"taxonomy":"product_cat","embeddable":true,"href":"https:\/\/fliparas.com\/pt\/wp-json\/wp\/v2\/product_cat?post=438"},{"taxonomy":"product_tag","embeddable":true,"href":"https:\/\/fliparas.com\/pt\/wp-json\/wp\/v2\/product_tag?post=438"}],"curies":[{"name":"wp","href":"https:\/\/api.w.org\/{rel}","templated":true}]}}