{"id":449,"date":"2024-03-19T12:24:08","date_gmt":"2024-03-19T12:24:08","guid":{"rendered":"https:\/\/fliparas.com\/?post_type=product&#038;p=449"},"modified":"2025-04-11T17:37:57","modified_gmt":"2025-04-11T15:37:57","slug":"mordomo-sexy-mallorca","status":"publish","type":"product","link":"https:\/\/fliparas.com\/pt\/atividade\/mordomo-sexy-mallorca\/","title":{"rendered":"Mordomo sexy Mallorca"},"content":{"rendered":"<p>Mordomo sexy Mallorca. Mordomo sexy Mallorca. Est\u00e1 pronto para desfrutar de uma hora com um mordomo despido pronto para o servir?<\/p>\n<p>Servi\u00e7o privado e ao domic\u00edlio.<\/p>\n<p>As melhores despedidas de solteiro e de solteira com <a href=\"https:\/\/fliparas.com\/pt\/despedida-de-solteiro\/\">Festa de despedida de solteiro<\/a>! <a href=\"https:\/\/fliparas.com\/pt\/festa-de-despedida-de-solteira\/\">Festa da galinha<\/a>!<\/p>\n<h2 style=\"text-align: center;\">\ud83d\udd25Mordomo sexy de Maiorca\ud83d\udd25<\/h2>\n<p>Desfrute de uma hora de um mordomo que estar\u00e1 ao seu servi\u00e7o para tudo o que precisar... Como?<\/p>\n<p>Asseguramos-lhe que o nosso mordomo o deixar\u00e1 sem palavras e aumentar\u00e1 a temperatura da sala assim que entrar pela porta.<\/p>\n<p>Uma fantasia er\u00f3tica tornada realidade: um homem de puro m\u00fasculo e fogo e pouca roupa. O nosso mordomo usa apenas um avental (que s\u00f3 cobre a parte da frente do corpo...), um la\u00e7o e n\u00e3o usa roupa interior.<\/p>\n<p>Quem n\u00e3o gostaria de ter um mordomo sem roupa durante uma hora?<\/p>\n<p>E tu, quando \u00e9 que o farias?<\/p>\n<p>Durante as suas f\u00e9rias em Ibiza. A ilha \u00e9 um verdadeiro espet\u00e1culo de fogo de artif\u00edcio. O mordomo est\u00e1 dispon\u00edvel todos os dias e a qualquer hora. N\u00e3o pense duas vezes e fa\u00e7a das suas f\u00e9rias em Ibiza um sonho tornado realidade.<\/p>\n<p>O que \u00e9? \u2708\ufe0f<\/p>\n<p>O nosso mordomo \u00e9 t\u00e3o atencioso... Vai ao seu hotel ou \u00e0 sua villa. Um servi\u00e7o totalmente privado.<\/p>\n<p>Porqu\u00ea?<\/p>\n<p>Todas as mulheres gostariam de ter um homem completamente ao seu servi\u00e7o durante uma hora. Mas se lhe tirarmos a roupa... \u00c9 ainda melhor!<\/p>\n<p>Uma experi\u00eancia er\u00f3tica, divertida e \u00fanica para desfrutar de Mallorca de uma forma muito original.\ud83d\udd25<\/p>\n<p style=\"text-align: center;\">Escolha entre <a href=\"https:\/\/es.wikipedia.org\/wiki\/Palma_de_Mallorca\">Palma<\/a> e Magaluf (pre\u00e7os vari\u00e1veis).<\/p>\n<p style=\"text-align: center;\">Reservar Mordomo Sexy Mallorca!\ud83d\udd25<\/p>\n<p>&nbsp;<\/p>","protected":false},"excerpt":{"rendered":"<p>Mordomo sexy Mallorca. Mordomo sexy Mallorca. Est\u00e1 pronto para desfrutar de uma hora com um mordomo despido pronto para o servir?<\/p>\n<p>Servi\u00e7o privado e ao domic\u00edlio.<\/p>","protected":false},"featured_media":868,"template":"","meta":[],"product_brand":[425],"product_cat":[193,165,194],"product_tag":[242,241],"class_list":{"0":"post-449","1":"product","2":"type-product","3":"status-publish","4":"has-post-thumbnail","6":"product_brand-fliparas-inc","7":"product_cat-hen-party-mallorca","8":"product_cat-mallorca","9":"product_cat-stag-party-mallorca","10":"product_tag-sexy-butler","11":"product_tag-sexy-butler-mallorca","13":"first","14":"instock","15":"virtual","16":"sold-individually","17":"purchasable","18":"product-type-booking"},"yoast_head":"<!-- This site is optimized with the Yoast SEO plugin v26.9 - https:\/\/yoast.com\/product\/yoast-seo-wordpress\/ -->\n<title>Sexy butler Mallorca<\/title>\n<meta name=\"description\" content=\"Sexy butler Mallorca. Are you ready to enjoy an hour with an undressed butler ready to serve you? Private and home service.\" \/>\n<meta name=\"robots\" content=\"index, follow, max-snippet:-1, max-image-preview:large, max-video-preview:-1\" \/>\n<link rel=\"canonical\" href=\"https:\/\/fliparas.com\/pt\/atividade\/mordomo-sexy-mallorca\/\" \/>\n<meta property=\"og:locale\" content=\"pt_PT\" \/>\n<meta property=\"og:type\" content=\"article\" \/>\n<meta property=\"og:title\" content=\"Sexy butler Mallorca\" \/>\n<meta property=\"og:description\" content=\"Sexy butler Mallorca. Are you ready to enjoy an hour with an undressed butler ready to serve you? Private and home service.\" \/>\n<meta property=\"og:url\" content=\"https:\/\/fliparas.com\/pt\/atividade\/mordomo-sexy-mallorca\/\" \/>\n<meta property=\"og:site_name\" content=\"Agency Specialised in Stag and Hen Parties\" \/>\n<meta property=\"article:modified_time\" content=\"2025-04-11T15:37:57+00:00\" \/>\n<meta property=\"og:image\" content=\"https:\/\/fliparas.com\/wp-content\/uploads\/2024\/03\/Sexy-butler-img.jpeg\" \/>\n\t<meta property=\"og:image:width\" content=\"1024\" \/>\n\t<meta property=\"og:image:height\" content=\"1024\" \/>\n\t<meta property=\"og:image:type\" content=\"image\/jpeg\" \/>\n<meta name=\"twitter:card\" content=\"summary_large_image\" \/>\n<meta name=\"twitter:label1\" content=\"pre\u00e7o\" \/>\n\t<meta name=\"twitter:data1\" content=\"260,00&nbsp;&euro;\" \/>\n\t<meta name=\"twitter:label2\" content=\"Disponibilidade\" \/>\n\t<meta name=\"twitter:data2\" content=\"Em stock\" \/>\n<script type=\"application\/ld+json\" class=\"yoast-schema-graph\">{\"@context\":\"https:\/\/schema.org\",\"@graph\":[{\"@type\":\"WebPage\",\"@id\":\"https:\/\/fliparas.com\/activity\/sexy-butler-mallorca\/\",\"url\":\"https:\/\/fliparas.com\/activity\/sexy-butler-mallorca\/\",\"name\":\"Sexy butler Mallorca\",\"isPartOf\":{\"@id\":\"https:\/\/fliparas.com\/#website\"},\"primaryImageOfPage\":{\"@id\":\"https:\/\/fliparas.com\/activity\/sexy-butler-mallorca\/#primaryimage\"},\"image\":{\"@id\":\"https:\/\/fliparas.com\/activity\/sexy-butler-mallorca\/#primaryimage\"},\"thumbnailUrl\":\"https:\/\/fliparas.com\/wp-content\/uploads\/2024\/03\/Sexy-butler-img.jpeg\",\"datePublished\":\"2024-03-19T12:24:08+00:00\",\"dateModified\":\"2025-04-11T15:37:57+00:00\",\"description\":\"Sexy butler Mallorca. Are you ready to enjoy an hour with an undressed butler ready to serve you? Private and home service.\",\"breadcrumb\":{\"@id\":\"https:\/\/fliparas.com\/activity\/sexy-butler-mallorca\/#breadcrumb\"},\"inLanguage\":\"pt-PT\",\"potentialAction\":[{\"@type\":\"ReadAction\",\"target\":[\"https:\/\/fliparas.com\/activity\/sexy-butler-mallorca\/\"]}]},{\"@type\":\"ImageObject\",\"inLanguage\":\"pt-PT\",\"@id\":\"https:\/\/fliparas.com\/activity\/sexy-butler-mallorca\/#primaryimage\",\"url\":\"https:\/\/fliparas.com\/wp-content\/uploads\/2024\/03\/Sexy-butler-img.jpeg\",\"contentUrl\":\"https:\/\/fliparas.com\/wp-content\/uploads\/2024\/03\/Sexy-butler-img.jpeg\",\"width\":1024,\"height\":1024,\"caption\":\"Sexy butler img\"},{\"@type\":\"BreadcrumbList\",\"@id\":\"https:\/\/fliparas.com\/activity\/sexy-butler-mallorca\/#breadcrumb\",\"itemListElement\":[{\"@type\":\"ListItem\",\"position\":1,\"name\":\"Home\",\"item\":\"https:\/\/fliparas.com\/\"},{\"@type\":\"ListItem\",\"position\":2,\"name\":\"Shop\",\"item\":\"https:\/\/fliparas.com\/shop\/\"},{\"@type\":\"ListItem\",\"position\":3,\"name\":\"Sexy butler Mallorca\"}]},{\"@type\":\"WebSite\",\"@id\":\"https:\/\/fliparas.com\/#website\",\"url\":\"https:\/\/fliparas.com\/\",\"name\":\"Agency Specialised in Stag and Hen Parties\",\"description\":\"Trust the highest rated agency to organize an unforgettable stag and hen parties in Europe\",\"publisher\":{\"@id\":\"https:\/\/fliparas.com\/#organization\"},\"alternateName\":\"Fliparas Agency Specialised in Stag and Hen Parties\",\"potentialAction\":[{\"@type\":\"SearchAction\",\"target\":{\"@type\":\"EntryPoint\",\"urlTemplate\":\"https:\/\/fliparas.com\/?s={search_term_string}\"},\"query-input\":{\"@type\":\"PropertyValueSpecification\",\"valueRequired\":true,\"valueName\":\"search_term_string\"}}],\"inLanguage\":\"pt-PT\"},{\"@type\":\"Organization\",\"@id\":\"https:\/\/fliparas.com\/#organization\",\"name\":\"Fliparas\",\"alternateName\":\"Agency Specialised in Stag and Hen Parties\",\"url\":\"https:\/\/fliparas.com\/\",\"logo\":{\"@type\":\"ImageObject\",\"inLanguage\":\"pt-PT\",\"@id\":\"https:\/\/fliparas.com\/#\/schema\/logo\/image\/\",\"url\":\"https:\/\/fliparas.com\/wp-content\/uploads\/2024\/03\/Logo-Fliparas.png\",\"contentUrl\":\"https:\/\/fliparas.com\/wp-content\/uploads\/2024\/03\/Logo-Fliparas.png\",\"width\":1024,\"height\":1024,\"caption\":\"Fliparas\"},\"image\":{\"@id\":\"https:\/\/fliparas.com\/#\/schema\/logo\/image\/\"}}]}<\/script>\n<meta property=\"product:price:amount\" content=\"260.00\" \/>\n<meta property=\"product:price:currency\" content=\"EUR\" \/>\n<meta property=\"og:availability\" content=\"instock\" \/>\n<meta property=\"product:availability\" content=\"instock\" \/>\n<meta property=\"product:condition\" content=\"new\" \/>\n<!-- \/ Yoast SEO plugin. -->","yoast_head_json":{"title":"Mordomo sexy Mallorca","description":"Mordomo sexy de Maiorca. Est\u00e1 pronto para desfrutar de uma hora com um mordomo despido pronto para o servir? Servi\u00e7o privado e ao domic\u00edlio.","robots":{"index":"index","follow":"follow","max-snippet":"max-snippet:-1","max-image-preview":"max-image-preview:large","max-video-preview":"max-video-preview:-1"},"canonical":"https:\/\/fliparas.com\/pt\/atividade\/mordomo-sexy-mallorca\/","og_locale":"pt_PT","og_type":"article","og_title":"Sexy butler Mallorca","og_description":"Sexy butler Mallorca. Are you ready to enjoy an hour with an undressed butler ready to serve you? Private and home service.","og_url":"https:\/\/fliparas.com\/pt\/atividade\/mordomo-sexy-mallorca\/","og_site_name":"Agency Specialised in Stag and Hen Parties","article_modified_time":"2025-04-11T15:37:57+00:00","og_image":[{"width":1024,"height":1024,"url":"https:\/\/fliparas.com\/wp-content\/uploads\/2024\/03\/Sexy-butler-img.jpeg","type":"image\/jpeg"}],"twitter_card":"summary_large_image","twitter_misc":{"pre\u00e7o":"260,00&nbsp;&euro;","Disponibilidade":"Em stock"},"schema":{"@context":"https:\/\/schema.org","@graph":[{"@type":"WebPage","@id":"https:\/\/fliparas.com\/activity\/sexy-butler-mallorca\/","url":"https:\/\/fliparas.com\/activity\/sexy-butler-mallorca\/","name":"Mordomo sexy Mallorca","isPartOf":{"@id":"https:\/\/fliparas.com\/#website"},"primaryImageOfPage":{"@id":"https:\/\/fliparas.com\/activity\/sexy-butler-mallorca\/#primaryimage"},"image":{"@id":"https:\/\/fliparas.com\/activity\/sexy-butler-mallorca\/#primaryimage"},"thumbnailUrl":"https:\/\/fliparas.com\/wp-content\/uploads\/2024\/03\/Sexy-butler-img.jpeg","datePublished":"2024-03-19T12:24:08+00:00","dateModified":"2025-04-11T15:37:57+00:00","description":"Mordomo sexy de Maiorca. Est\u00e1 pronto para desfrutar de uma hora com um mordomo despido pronto para o servir? Servi\u00e7o privado e ao domic\u00edlio.","breadcrumb":{"@id":"https:\/\/fliparas.com\/activity\/sexy-butler-mallorca\/#breadcrumb"},"inLanguage":"pt-PT","potentialAction":[{"@type":"ReadAction","target":["https:\/\/fliparas.com\/activity\/sexy-butler-mallorca\/"]}]},{"@type":"ImageObject","inLanguage":"pt-PT","@id":"https:\/\/fliparas.com\/activity\/sexy-butler-mallorca\/#primaryimage","url":"https:\/\/fliparas.com\/wp-content\/uploads\/2024\/03\/Sexy-butler-img.jpeg","contentUrl":"https:\/\/fliparas.com\/wp-content\/uploads\/2024\/03\/Sexy-butler-img.jpeg","width":1024,"height":1024,"caption":"Sexy butler img"},{"@type":"BreadcrumbList","@id":"https:\/\/fliparas.com\/activity\/sexy-butler-mallorca\/#breadcrumb","itemListElement":[{"@type":"ListItem","position":1,"name":"Home","item":"https:\/\/fliparas.com\/"},{"@type":"ListItem","position":2,"name":"Shop","item":"https:\/\/fliparas.com\/shop\/"},{"@type":"ListItem","position":3,"name":"Sexy butler Mallorca"}]},{"@type":"WebSite","@id":"https:\/\/fliparas.com\/#website","url":"https:\/\/fliparas.com\/","name":"Ag\u00eancia especializada em despedidas de solteiro e de solteira","description":"Confie na ag\u00eancia mais bem classificada para organizar uma despedida de solteiro ou de solteira inesquec\u00edvel na Europa","publisher":{"@id":"https:\/\/fliparas.com\/#organization"},"alternateName":"Fliparas Agency Specialised in Stag and Hen Parties","potentialAction":[{"@type":"SearchAction","target":{"@type":"EntryPoint","urlTemplate":"https:\/\/fliparas.com\/?s={search_term_string}"},"query-input":{"@type":"PropertyValueSpecification","valueRequired":true,"valueName":"search_term_string"}}],"inLanguage":"pt-PT"},{"@type":"Organization","@id":"https:\/\/fliparas.com\/#organization","name":"Fliparas","alternateName":"Agency Specialised in Stag and Hen Parties","url":"https:\/\/fliparas.com\/","logo":{"@type":"ImageObject","inLanguage":"pt-PT","@id":"https:\/\/fliparas.com\/#\/schema\/logo\/image\/","url":"https:\/\/fliparas.com\/wp-content\/uploads\/2024\/03\/Logo-Fliparas.png","contentUrl":"https:\/\/fliparas.com\/wp-content\/uploads\/2024\/03\/Logo-Fliparas.png","width":1024,"height":1024,"caption":"Fliparas"},"image":{"@id":"https:\/\/fliparas.com\/#\/schema\/logo\/image\/"}}]},"product_price_amount":"260.00","product_price_currency":"EUR","og_availability":"instock","product_availability":"instock","product_condition":"new"},"_links":{"self":[{"href":"https:\/\/fliparas.com\/pt\/wp-json\/wp\/v2\/product\/449","targetHints":{"allow":["GET"]}}],"collection":[{"href":"https:\/\/fliparas.com\/pt\/wp-json\/wp\/v2\/product"}],"about":[{"href":"https:\/\/fliparas.com\/pt\/wp-json\/wp\/v2\/types\/product"}],"wp:featuredmedia":[{"embeddable":true,"href":"https:\/\/fliparas.com\/pt\/wp-json\/wp\/v2\/media\/868"}],"wp:attachment":[{"href":"https:\/\/fliparas.com\/pt\/wp-json\/wp\/v2\/media?parent=449"}],"wp:term":[{"taxonomy":"product_brand","embeddable":true,"href":"https:\/\/fliparas.com\/pt\/wp-json\/wp\/v2\/product_brand?post=449"},{"taxonomy":"product_cat","embeddable":true,"href":"https:\/\/fliparas.com\/pt\/wp-json\/wp\/v2\/product_cat?post=449"},{"taxonomy":"product_tag","embeddable":true,"href":"https:\/\/fliparas.com\/pt\/wp-json\/wp\/v2\/product_tag?post=449"}],"curies":[{"name":"wp","href":"https:\/\/api.w.org\/{rel}","templated":true}]}}