{"id":489,"date":"2024-03-19T12:24:55","date_gmt":"2024-03-19T12:24:55","guid":{"rendered":"https:\/\/fliparas.com\/?post_type=product&#038;p=489"},"modified":"2025-01-31T11:30:07","modified_gmt":"2025-01-31T10:30:07","slug":"bcm-nightclub-mallorca","status":"publish","type":"product","link":"https:\/\/fliparas.com\/pt\/atividade\/bcm-nightclub-mallorca\/","title":{"rendered":"BCM Nightclub Mallorca"},"content":{"rendered":"<p>Discoteca BCM Mallorca. A noite em Mallorca \u00e9 imperd\u00edvel. Reserve os seus bilhetes para a BCM, com bebidas inclu\u00eddas!<\/p>\n<p>As melhores despedidas de solteiro com <a href=\"https:\/\/fliparas.com\/pt\/despedida-de-solteiro\/\">Festa de despedida de solteiro<\/a>! <a href=\"https:\/\/fliparas.com\/pt\/festa-de-despedida-de-solteira\/\">Festa da galinha<\/a>!<\/p>\n<h2 style=\"text-align: center;\">Discoteca BCM Mallorca \ud83c\udf89<\/h2>\n<p style=\"text-align: center;\">VENDA M\u00cdNIMA: 3 PESSOAS.<\/p>\n<h4>\ud83c\udf89 <strong>Mergulhe na Noite El\u00e9ctrica de Maiorca na BCM!<\/strong> \ud83c\udf34<\/h4>\n<p>Prepare-se para uma experi\u00eancia de vida nocturna inesquec\u00edvel no BCM, o clube noturno ic\u00f3nico de Maiorca! \ud83d\udd7a<\/p>\n<p>Reserve connosco a entrada antecipada que inclui acesso VIP privilegiado e bebidas inclu\u00eddas, garantindo-lhe uma noite memor\u00e1vel num dos mais populares destinos de vida nocturna do Mediterr\u00e2neo.<\/p>\n<p>O BCM \u00e9 conhecido pela sua atmosfera el\u00e9ctrica, pelos seus DJs de renome e pelos seus espect\u00e1culos ao vivo que incendeiam a pista de dan\u00e7a. Com a nossa oferta especial, mergulhe no cora\u00e7\u00e3o da festa desde os primeiros momentos, evitando as filas e desfrutando de um tratamento VIP exclusivo.<\/p>\n<p>A sua noite ser\u00e1 pontuada pelas batidas animadas de DJs internacionais, criando uma atmosfera vibrante e ardente. Dance ao som dos \u00faltimos \u00eaxitos e dos cl\u00e1ssicos intemporais, rodeado por uma multid\u00e3o din\u00e2mica e entusiasta.<\/p>\n<p>Reserve j\u00e1 a sua experi\u00eancia BCM e prepare-se para viver uma noite de festa inesquec\u00edvel. BCM \u00e9 muito mais do que um clube noturno, \u00e9 um verdadeiro destino onde a m\u00fasica, a energia e a emo\u00e7\u00e3o se fundem para criar mem\u00f3rias nocturnas excepcionais.<\/p>\n<p>N\u00e3o perca a oportunidade de fazer parte desta aventura festiva. A discoteca BCM em <a href=\"https:\/\/es.wikipedia.org\/wiki\/Mallorca\">Maiorca<\/a>! \ud83c\udf1f\ud83c\udfb6\ud83c\udf79<\/p>\n<p>&nbsp;<\/p>\n<p>&nbsp;<\/p>","protected":false},"excerpt":{"rendered":"<p>Discoteca BCM Mallorca. A noite em Mallorca \u00e9 imperd\u00edvel. Reserve os seus bilhetes para a BCM, com bebidas inclu\u00eddas!<\/p>\n<p>VENDA M\u00cdNIMA: 3 PESSOAS.<\/p>","protected":false},"featured_media":685,"template":"","meta":[],"product_brand":[425],"product_cat":[193,165,194],"product_tag":[197],"class_list":{"0":"post-489","1":"product","2":"type-product","3":"status-publish","4":"has-post-thumbnail","6":"product_brand-fliparas-inc","7":"product_cat-hen-party-mallorca","8":"product_cat-mallorca","9":"product_cat-stag-party-mallorca","10":"product_tag-nightclub-mallorca","12":"first","13":"instock","14":"virtual","15":"sold-individually","16":"purchasable","17":"product-type-booking"},"yoast_head":"<!-- This site is optimized with the Yoast SEO plugin v26.9 - https:\/\/yoast.com\/product\/yoast-seo-wordpress\/ -->\n<title>BCM Nightclub Mallorca<\/title>\n<meta name=\"description\" content=\"BCM Mallorca Nightclub. The night in Mallorca is unmissable. Book your BCM tickets, drinks included! Party Mallorca.\" \/>\n<meta name=\"robots\" content=\"index, follow, max-snippet:-1, max-image-preview:large, max-video-preview:-1\" \/>\n<link rel=\"canonical\" href=\"https:\/\/fliparas.com\/pt\/atividade\/bcm-nightclub-mallorca\/\" \/>\n<meta property=\"og:locale\" content=\"pt_PT\" \/>\n<meta property=\"og:type\" content=\"article\" \/>\n<meta property=\"og:title\" content=\"BCM Nightclub Mallorca\" \/>\n<meta property=\"og:description\" content=\"BCM Mallorca Nightclub. The night in Mallorca is unmissable. Book your BCM tickets, drinks included! Party Mallorca.\" \/>\n<meta property=\"og:url\" content=\"https:\/\/fliparas.com\/pt\/atividade\/bcm-nightclub-mallorca\/\" \/>\n<meta property=\"og:site_name\" content=\"Agency Specialised in Stag and Hen Parties\" \/>\n<meta property=\"article:modified_time\" content=\"2025-01-31T10:30:07+00:00\" \/>\n<meta property=\"og:image\" content=\"https:\/\/fliparas.com\/wp-content\/uploads\/2024\/03\/BCM-Nightclub-Mallorca.jpg\" \/>\n\t<meta property=\"og:image:width\" content=\"1024\" \/>\n\t<meta property=\"og:image:height\" content=\"1024\" \/>\n\t<meta property=\"og:image:type\" content=\"image\/jpeg\" \/>\n<meta name=\"twitter:card\" content=\"summary_large_image\" \/>\n<meta name=\"twitter:label1\" content=\"pre\u00e7o\" \/>\n\t<meta name=\"twitter:data1\" content=\"50,00&nbsp;&euro;\" \/>\n\t<meta name=\"twitter:label2\" content=\"Disponibilidade\" \/>\n\t<meta name=\"twitter:data2\" content=\"Em stock\" \/>\n<script type=\"application\/ld+json\" class=\"yoast-schema-graph\">{\"@context\":\"https:\/\/schema.org\",\"@graph\":[{\"@type\":\"WebPage\",\"@id\":\"https:\/\/fliparas.com\/activity\/bcm-nightclub-mallorca\/\",\"url\":\"https:\/\/fliparas.com\/activity\/bcm-nightclub-mallorca\/\",\"name\":\"BCM Nightclub Mallorca\",\"isPartOf\":{\"@id\":\"https:\/\/fliparas.com\/#website\"},\"primaryImageOfPage\":{\"@id\":\"https:\/\/fliparas.com\/activity\/bcm-nightclub-mallorca\/#primaryimage\"},\"image\":{\"@id\":\"https:\/\/fliparas.com\/activity\/bcm-nightclub-mallorca\/#primaryimage\"},\"thumbnailUrl\":\"https:\/\/fliparas.com\/wp-content\/uploads\/2024\/03\/BCM-Nightclub-Mallorca.jpg\",\"datePublished\":\"2024-03-19T12:24:55+00:00\",\"dateModified\":\"2025-01-31T10:30:07+00:00\",\"description\":\"BCM Mallorca Nightclub. The night in Mallorca is unmissable. Book your BCM tickets, drinks included! Party Mallorca.\",\"breadcrumb\":{\"@id\":\"https:\/\/fliparas.com\/activity\/bcm-nightclub-mallorca\/#breadcrumb\"},\"inLanguage\":\"pt-PT\",\"potentialAction\":[{\"@type\":\"ReadAction\",\"target\":[\"https:\/\/fliparas.com\/activity\/bcm-nightclub-mallorca\/\"]}]},{\"@type\":\"ImageObject\",\"inLanguage\":\"pt-PT\",\"@id\":\"https:\/\/fliparas.com\/activity\/bcm-nightclub-mallorca\/#primaryimage\",\"url\":\"https:\/\/fliparas.com\/wp-content\/uploads\/2024\/03\/BCM-Nightclub-Mallorca.jpg\",\"contentUrl\":\"https:\/\/fliparas.com\/wp-content\/uploads\/2024\/03\/BCM-Nightclub-Mallorca.jpg\",\"width\":1024,\"height\":1024},{\"@type\":\"BreadcrumbList\",\"@id\":\"https:\/\/fliparas.com\/activity\/bcm-nightclub-mallorca\/#breadcrumb\",\"itemListElement\":[{\"@type\":\"ListItem\",\"position\":1,\"name\":\"Home\",\"item\":\"https:\/\/fliparas.com\/\"},{\"@type\":\"ListItem\",\"position\":2,\"name\":\"Shop\",\"item\":\"https:\/\/fliparas.com\/shop\/\"},{\"@type\":\"ListItem\",\"position\":3,\"name\":\"BCM Nightclub Mallorca\"}]},{\"@type\":\"WebSite\",\"@id\":\"https:\/\/fliparas.com\/#website\",\"url\":\"https:\/\/fliparas.com\/\",\"name\":\"Agency Specialised in Stag and Hen Parties\",\"description\":\"Trust the highest rated agency to organize an unforgettable stag and hen parties in Europe\",\"publisher\":{\"@id\":\"https:\/\/fliparas.com\/#organization\"},\"alternateName\":\"Fliparas Agency Specialised in Stag and Hen Parties\",\"potentialAction\":[{\"@type\":\"SearchAction\",\"target\":{\"@type\":\"EntryPoint\",\"urlTemplate\":\"https:\/\/fliparas.com\/?s={search_term_string}\"},\"query-input\":{\"@type\":\"PropertyValueSpecification\",\"valueRequired\":true,\"valueName\":\"search_term_string\"}}],\"inLanguage\":\"pt-PT\"},{\"@type\":\"Organization\",\"@id\":\"https:\/\/fliparas.com\/#organization\",\"name\":\"Fliparas\",\"alternateName\":\"Agency Specialised in Stag and Hen Parties\",\"url\":\"https:\/\/fliparas.com\/\",\"logo\":{\"@type\":\"ImageObject\",\"inLanguage\":\"pt-PT\",\"@id\":\"https:\/\/fliparas.com\/#\/schema\/logo\/image\/\",\"url\":\"https:\/\/fliparas.com\/wp-content\/uploads\/2024\/03\/Logo-Fliparas.png\",\"contentUrl\":\"https:\/\/fliparas.com\/wp-content\/uploads\/2024\/03\/Logo-Fliparas.png\",\"width\":1024,\"height\":1024,\"caption\":\"Fliparas\"},\"image\":{\"@id\":\"https:\/\/fliparas.com\/#\/schema\/logo\/image\/\"}}]}<\/script>\n<meta property=\"product:price:amount\" content=\"50.00\" \/>\n<meta property=\"product:price:currency\" content=\"EUR\" \/>\n<meta property=\"og:availability\" content=\"instock\" \/>\n<meta property=\"product:availability\" content=\"instock\" \/>\n<meta property=\"product:condition\" content=\"new\" \/>\n<!-- \/ Yoast SEO plugin. -->","yoast_head_json":{"title":"BCM Nightclub Mallorca","description":"Discoteca BCM Mallorca. A noite em Mallorca \u00e9 imperd\u00edvel. Reserve os seus bilhetes para a BCM, com bebidas inclu\u00eddas! Festa em Mallorca.","robots":{"index":"index","follow":"follow","max-snippet":"max-snippet:-1","max-image-preview":"max-image-preview:large","max-video-preview":"max-video-preview:-1"},"canonical":"https:\/\/fliparas.com\/pt\/atividade\/bcm-nightclub-mallorca\/","og_locale":"pt_PT","og_type":"article","og_title":"BCM Nightclub Mallorca","og_description":"BCM Mallorca Nightclub. The night in Mallorca is unmissable. Book your BCM tickets, drinks included! Party Mallorca.","og_url":"https:\/\/fliparas.com\/pt\/atividade\/bcm-nightclub-mallorca\/","og_site_name":"Agency Specialised in Stag and Hen Parties","article_modified_time":"2025-01-31T10:30:07+00:00","og_image":[{"width":1024,"height":1024,"url":"https:\/\/fliparas.com\/wp-content\/uploads\/2024\/03\/BCM-Nightclub-Mallorca.jpg","type":"image\/jpeg"}],"twitter_card":"summary_large_image","twitter_misc":{"pre\u00e7o":"50,00&nbsp;&euro;","Disponibilidade":"Em stock"},"schema":{"@context":"https:\/\/schema.org","@graph":[{"@type":"WebPage","@id":"https:\/\/fliparas.com\/activity\/bcm-nightclub-mallorca\/","url":"https:\/\/fliparas.com\/activity\/bcm-nightclub-mallorca\/","name":"BCM Nightclub Mallorca","isPartOf":{"@id":"https:\/\/fliparas.com\/#website"},"primaryImageOfPage":{"@id":"https:\/\/fliparas.com\/activity\/bcm-nightclub-mallorca\/#primaryimage"},"image":{"@id":"https:\/\/fliparas.com\/activity\/bcm-nightclub-mallorca\/#primaryimage"},"thumbnailUrl":"https:\/\/fliparas.com\/wp-content\/uploads\/2024\/03\/BCM-Nightclub-Mallorca.jpg","datePublished":"2024-03-19T12:24:55+00:00","dateModified":"2025-01-31T10:30:07+00:00","description":"Discoteca BCM Mallorca. A noite em Mallorca \u00e9 imperd\u00edvel. Reserve os seus bilhetes para a BCM, com bebidas inclu\u00eddas! Festa em Mallorca.","breadcrumb":{"@id":"https:\/\/fliparas.com\/activity\/bcm-nightclub-mallorca\/#breadcrumb"},"inLanguage":"pt-PT","potentialAction":[{"@type":"ReadAction","target":["https:\/\/fliparas.com\/activity\/bcm-nightclub-mallorca\/"]}]},{"@type":"ImageObject","inLanguage":"pt-PT","@id":"https:\/\/fliparas.com\/activity\/bcm-nightclub-mallorca\/#primaryimage","url":"https:\/\/fliparas.com\/wp-content\/uploads\/2024\/03\/BCM-Nightclub-Mallorca.jpg","contentUrl":"https:\/\/fliparas.com\/wp-content\/uploads\/2024\/03\/BCM-Nightclub-Mallorca.jpg","width":1024,"height":1024},{"@type":"BreadcrumbList","@id":"https:\/\/fliparas.com\/activity\/bcm-nightclub-mallorca\/#breadcrumb","itemListElement":[{"@type":"ListItem","position":1,"name":"Home","item":"https:\/\/fliparas.com\/"},{"@type":"ListItem","position":2,"name":"Shop","item":"https:\/\/fliparas.com\/shop\/"},{"@type":"ListItem","position":3,"name":"BCM Nightclub Mallorca"}]},{"@type":"WebSite","@id":"https:\/\/fliparas.com\/#website","url":"https:\/\/fliparas.com\/","name":"Ag\u00eancia especializada em despedidas de solteiro e de solteira","description":"Confie na ag\u00eancia mais bem classificada para organizar uma despedida de solteiro ou de solteira inesquec\u00edvel na Europa","publisher":{"@id":"https:\/\/fliparas.com\/#organization"},"alternateName":"Fliparas Agency Specialised in Stag and Hen Parties","potentialAction":[{"@type":"SearchAction","target":{"@type":"EntryPoint","urlTemplate":"https:\/\/fliparas.com\/?s={search_term_string}"},"query-input":{"@type":"PropertyValueSpecification","valueRequired":true,"valueName":"search_term_string"}}],"inLanguage":"pt-PT"},{"@type":"Organization","@id":"https:\/\/fliparas.com\/#organization","name":"Fliparas","alternateName":"Agency Specialised in Stag and Hen Parties","url":"https:\/\/fliparas.com\/","logo":{"@type":"ImageObject","inLanguage":"pt-PT","@id":"https:\/\/fliparas.com\/#\/schema\/logo\/image\/","url":"https:\/\/fliparas.com\/wp-content\/uploads\/2024\/03\/Logo-Fliparas.png","contentUrl":"https:\/\/fliparas.com\/wp-content\/uploads\/2024\/03\/Logo-Fliparas.png","width":1024,"height":1024,"caption":"Fliparas"},"image":{"@id":"https:\/\/fliparas.com\/#\/schema\/logo\/image\/"}}]},"product_price_amount":"50.00","product_price_currency":"EUR","og_availability":"instock","product_availability":"instock","product_condition":"new"},"_links":{"self":[{"href":"https:\/\/fliparas.com\/pt\/wp-json\/wp\/v2\/product\/489","targetHints":{"allow":["GET"]}}],"collection":[{"href":"https:\/\/fliparas.com\/pt\/wp-json\/wp\/v2\/product"}],"about":[{"href":"https:\/\/fliparas.com\/pt\/wp-json\/wp\/v2\/types\/product"}],"wp:featuredmedia":[{"embeddable":true,"href":"https:\/\/fliparas.com\/pt\/wp-json\/wp\/v2\/media\/685"}],"wp:attachment":[{"href":"https:\/\/fliparas.com\/pt\/wp-json\/wp\/v2\/media?parent=489"}],"wp:term":[{"taxonomy":"product_brand","embeddable":true,"href":"https:\/\/fliparas.com\/pt\/wp-json\/wp\/v2\/product_brand?post=489"},{"taxonomy":"product_cat","embeddable":true,"href":"https:\/\/fliparas.com\/pt\/wp-json\/wp\/v2\/product_cat?post=489"},{"taxonomy":"product_tag","embeddable":true,"href":"https:\/\/fliparas.com\/pt\/wp-json\/wp\/v2\/product_tag?post=489"}],"curies":[{"name":"wp","href":"https:\/\/api.w.org\/{rel}","templated":true}]}}