{"id":491,"date":"2024-03-19T12:24:55","date_gmt":"2024-03-19T12:24:55","guid":{"rendered":"https:\/\/fliparas.com\/?post_type=product&#038;p=491"},"modified":"2025-01-31T11:30:07","modified_gmt":"2025-01-31T10:30:07","slug":"discoteca-vip-magaluf-mallorca","status":"publish","type":"product","link":"https:\/\/fliparas.com\/pt\/atividade\/discoteca-vip-magaluf-mallorca\/","title":{"rendered":"Discoteca VIP Magaluf Mallorca"},"content":{"rendered":"<p>Discoteca VIP Magaluf Mallorca. A noite em Magaluf \u00e9 imperd\u00edvel. Reserve j\u00e1 os seus bilhetes com bebidas inclu\u00eddas (possibilidade de mesa VIP)!<\/p>\n<p>As melhores despedidas de solteiro com <a href=\"https:\/\/fliparas.com\/pt\/despedida-de-solteiro\/\">Festa de despedida de solteiro<\/a>! <a href=\"https:\/\/fliparas.com\/pt\/festa-de-despedida-de-solteira\/\">Festa da galinha<\/a>!<\/p>\n<h2 style=\"text-align: center;\">Discoteca VIP Magaluf Mallorca\ud83c\udf89<\/h2>\n<h4><strong>Mergulhe na luz nocturna de Magaluf! Reserve a sua Noite VIP!<\/strong> \ud83c\udf34<\/h4>\n<p>Descubra a ess\u00eancia da vida nocturna de Magaluf! Com a nossa oferta exclusiva de entrada numa das discotecas mais badaladas da cidade! \ud83d\udd7a<\/p>\n<p>Reserve connosco para beneficiar de entrada antecipada, incluindo acesso privilegiado e bebidas gratuitas, prometendo-lhe uma noite de festa inesquec\u00edvel neste destino ic\u00f3nico.<\/p>\n<p>Deixe-se levar pela energia eletrizante da pista de dan\u00e7a, animada por DJs ao vivo que o manter\u00e3o a dan\u00e7ar at\u00e9 ao final da noite. A nossa oferta inclui ainda a possibilidade de reservar uma mesa VIP com uma garrafa exclusiva para cada grupo de quatro pessoas, proporcionando-lhe uma experi\u00eancia ainda mais luxuosa e personalizada.<\/p>\n<p>Mergulhe na atmosfera vibrante, onde a m\u00fasica animada e as luzes hipnotizantes criam uma experi\u00eancia sensorial \u00fanica. Desfrute da noite Magalufiana no conforto da nossa \u00e1rea VIP ou na animada pista de dan\u00e7a.<\/p>\n<p>Reserve agora para garantir o seu lugar neste local de festa em <a href=\"https:\/\/es.wikipedia.org\/wiki\/Magaluf\">Magaluf<\/a>. Reservar Discoteca VIP Magaluf Mallorca!<\/p>\n<p>Mime-se com uma noite excecional, com amigos ou amantes, numa atmosfera ardente onde a magia da noite Magalufiana ganha vida. \ud83c\udf1f\ud83c\udfb6\ud83c\udf7e<\/p>","protected":false},"excerpt":{"rendered":"<p>Discoteca VIP Magaluf Mallorca. A noite em Magaluf \u00e9 imperd\u00edvel. Reserve j\u00e1 os seus bilhetes com bebidas inclu\u00eddas (possibilidade de mesa VIP)!<\/p>","protected":false},"featured_media":695,"template":"","meta":[],"product_brand":[425],"product_cat":[193,165,194],"product_tag":[199,200],"class_list":{"0":"post-491","1":"product","2":"type-product","3":"status-publish","4":"has-post-thumbnail","6":"product_brand-fliparas-inc","7":"product_cat-hen-party-mallorca","8":"product_cat-mallorca","9":"product_cat-stag-party-mallorca","10":"product_tag-vip-nightclub","11":"product_tag-vip-nightclub-magaluf","13":"first","14":"instock","15":"virtual","16":"sold-individually","17":"purchasable","18":"product-type-booking"},"yoast_head":"<!-- This site is optimized with the Yoast SEO plugin v26.9 - https:\/\/yoast.com\/product\/yoast-seo-wordpress\/ -->\n<title>VIP Nightclub Magaluf Mallorca<\/title>\n<meta name=\"description\" content=\"VIP Nightclub Magaluf Mallorca. The night in Magaluf is unmissable. Book your tickets now with drinks included (VIP table possible).\" \/>\n<meta name=\"robots\" content=\"index, follow, max-snippet:-1, max-image-preview:large, max-video-preview:-1\" \/>\n<link rel=\"canonical\" href=\"https:\/\/fliparas.com\/pt\/atividade\/discoteca-vip-magaluf-mallorca\/\" \/>\n<meta property=\"og:locale\" content=\"pt_PT\" \/>\n<meta property=\"og:type\" content=\"article\" \/>\n<meta property=\"og:title\" content=\"VIP Nightclub Magaluf Mallorca\" \/>\n<meta property=\"og:description\" content=\"VIP Nightclub Magaluf Mallorca. The night in Magaluf is unmissable. Book your tickets now with drinks included (VIP table possible).\" \/>\n<meta property=\"og:url\" content=\"https:\/\/fliparas.com\/pt\/atividade\/discoteca-vip-magaluf-mallorca\/\" \/>\n<meta property=\"og:site_name\" content=\"Agency Specialised in Stag and Hen Parties\" \/>\n<meta property=\"article:modified_time\" content=\"2025-01-31T10:30:07+00:00\" \/>\n<meta property=\"og:image\" content=\"https:\/\/fliparas.com\/wp-content\/uploads\/2024\/03\/VIP-Nightclub-Mallorca.jpeg\" \/>\n\t<meta property=\"og:image:width\" content=\"1024\" \/>\n\t<meta property=\"og:image:height\" content=\"1024\" \/>\n\t<meta property=\"og:image:type\" content=\"image\/jpeg\" \/>\n<meta name=\"twitter:card\" content=\"summary_large_image\" \/>\n<meta name=\"twitter:label1\" content=\"pre\u00e7o\" \/>\n\t<meta name=\"twitter:data1\" content=\"350,00&nbsp;&euro;\" \/>\n\t<meta name=\"twitter:label2\" content=\"Disponibilidade\" \/>\n\t<meta name=\"twitter:data2\" content=\"Em stock\" \/>\n<script type=\"application\/ld+json\" class=\"yoast-schema-graph\">{\"@context\":\"https:\/\/schema.org\",\"@graph\":[{\"@type\":\"WebPage\",\"@id\":\"https:\/\/fliparas.com\/activity\/vip-nightclub-magaluf-mallorca\/\",\"url\":\"https:\/\/fliparas.com\/activity\/vip-nightclub-magaluf-mallorca\/\",\"name\":\"VIP Nightclub Magaluf Mallorca\",\"isPartOf\":{\"@id\":\"https:\/\/fliparas.com\/#website\"},\"primaryImageOfPage\":{\"@id\":\"https:\/\/fliparas.com\/activity\/vip-nightclub-magaluf-mallorca\/#primaryimage\"},\"image\":{\"@id\":\"https:\/\/fliparas.com\/activity\/vip-nightclub-magaluf-mallorca\/#primaryimage\"},\"thumbnailUrl\":\"https:\/\/fliparas.com\/wp-content\/uploads\/2024\/03\/VIP-Nightclub-Mallorca.jpeg\",\"datePublished\":\"2024-03-19T12:24:55+00:00\",\"dateModified\":\"2025-01-31T10:30:07+00:00\",\"description\":\"VIP Nightclub Magaluf Mallorca. The night in Magaluf is unmissable. Book your tickets now with drinks included (VIP table possible).\",\"breadcrumb\":{\"@id\":\"https:\/\/fliparas.com\/activity\/vip-nightclub-magaluf-mallorca\/#breadcrumb\"},\"inLanguage\":\"pt-PT\",\"potentialAction\":[{\"@type\":\"ReadAction\",\"target\":[\"https:\/\/fliparas.com\/activity\/vip-nightclub-magaluf-mallorca\/\"]}]},{\"@type\":\"ImageObject\",\"inLanguage\":\"pt-PT\",\"@id\":\"https:\/\/fliparas.com\/activity\/vip-nightclub-magaluf-mallorca\/#primaryimage\",\"url\":\"https:\/\/fliparas.com\/wp-content\/uploads\/2024\/03\/VIP-Nightclub-Mallorca.jpeg\",\"contentUrl\":\"https:\/\/fliparas.com\/wp-content\/uploads\/2024\/03\/VIP-Nightclub-Mallorca.jpeg\",\"width\":1024,\"height\":1024},{\"@type\":\"BreadcrumbList\",\"@id\":\"https:\/\/fliparas.com\/activity\/vip-nightclub-magaluf-mallorca\/#breadcrumb\",\"itemListElement\":[{\"@type\":\"ListItem\",\"position\":1,\"name\":\"Home\",\"item\":\"https:\/\/fliparas.com\/\"},{\"@type\":\"ListItem\",\"position\":2,\"name\":\"Shop\",\"item\":\"https:\/\/fliparas.com\/shop\/\"},{\"@type\":\"ListItem\",\"position\":3,\"name\":\"VIP Nightclub Magaluf Mallorca\"}]},{\"@type\":\"WebSite\",\"@id\":\"https:\/\/fliparas.com\/#website\",\"url\":\"https:\/\/fliparas.com\/\",\"name\":\"Agency Specialised in Stag and Hen Parties\",\"description\":\"Trust the highest rated agency to organize an unforgettable stag and hen parties in Europe\",\"publisher\":{\"@id\":\"https:\/\/fliparas.com\/#organization\"},\"alternateName\":\"Fliparas Agency Specialised in Stag and Hen Parties\",\"potentialAction\":[{\"@type\":\"SearchAction\",\"target\":{\"@type\":\"EntryPoint\",\"urlTemplate\":\"https:\/\/fliparas.com\/?s={search_term_string}\"},\"query-input\":{\"@type\":\"PropertyValueSpecification\",\"valueRequired\":true,\"valueName\":\"search_term_string\"}}],\"inLanguage\":\"pt-PT\"},{\"@type\":\"Organization\",\"@id\":\"https:\/\/fliparas.com\/#organization\",\"name\":\"Fliparas\",\"alternateName\":\"Agency Specialised in Stag and Hen Parties\",\"url\":\"https:\/\/fliparas.com\/\",\"logo\":{\"@type\":\"ImageObject\",\"inLanguage\":\"pt-PT\",\"@id\":\"https:\/\/fliparas.com\/#\/schema\/logo\/image\/\",\"url\":\"https:\/\/fliparas.com\/wp-content\/uploads\/2024\/03\/Logo-Fliparas.png\",\"contentUrl\":\"https:\/\/fliparas.com\/wp-content\/uploads\/2024\/03\/Logo-Fliparas.png\",\"width\":1024,\"height\":1024,\"caption\":\"Fliparas\"},\"image\":{\"@id\":\"https:\/\/fliparas.com\/#\/schema\/logo\/image\/\"}}]}<\/script>\n<meta property=\"product:price:amount\" content=\"350.00\" \/>\n<meta property=\"product:price:currency\" content=\"EUR\" \/>\n<meta property=\"og:availability\" content=\"instock\" \/>\n<meta property=\"product:availability\" content=\"instock\" \/>\n<meta property=\"product:condition\" content=\"new\" \/>\n<!-- \/ Yoast SEO plugin. -->","yoast_head_json":{"title":"Discoteca VIP Magaluf Mallorca","description":"Discoteca VIP Magaluf Mallorca. A noite em Magaluf \u00e9 imperd\u00edvel. Reserve j\u00e1 os seus bilhetes com bebidas inclu\u00eddas (possibilidade de mesa VIP).","robots":{"index":"index","follow":"follow","max-snippet":"max-snippet:-1","max-image-preview":"max-image-preview:large","max-video-preview":"max-video-preview:-1"},"canonical":"https:\/\/fliparas.com\/pt\/atividade\/discoteca-vip-magaluf-mallorca\/","og_locale":"pt_PT","og_type":"article","og_title":"VIP Nightclub Magaluf Mallorca","og_description":"VIP Nightclub Magaluf Mallorca. The night in Magaluf is unmissable. Book your tickets now with drinks included (VIP table possible).","og_url":"https:\/\/fliparas.com\/pt\/atividade\/discoteca-vip-magaluf-mallorca\/","og_site_name":"Agency Specialised in Stag and Hen Parties","article_modified_time":"2025-01-31T10:30:07+00:00","og_image":[{"width":1024,"height":1024,"url":"https:\/\/fliparas.com\/wp-content\/uploads\/2024\/03\/VIP-Nightclub-Mallorca.jpeg","type":"image\/jpeg"}],"twitter_card":"summary_large_image","twitter_misc":{"pre\u00e7o":"350,00&nbsp;&euro;","Disponibilidade":"Em stock"},"schema":{"@context":"https:\/\/schema.org","@graph":[{"@type":"WebPage","@id":"https:\/\/fliparas.com\/activity\/vip-nightclub-magaluf-mallorca\/","url":"https:\/\/fliparas.com\/activity\/vip-nightclub-magaluf-mallorca\/","name":"Discoteca VIP Magaluf Mallorca","isPartOf":{"@id":"https:\/\/fliparas.com\/#website"},"primaryImageOfPage":{"@id":"https:\/\/fliparas.com\/activity\/vip-nightclub-magaluf-mallorca\/#primaryimage"},"image":{"@id":"https:\/\/fliparas.com\/activity\/vip-nightclub-magaluf-mallorca\/#primaryimage"},"thumbnailUrl":"https:\/\/fliparas.com\/wp-content\/uploads\/2024\/03\/VIP-Nightclub-Mallorca.jpeg","datePublished":"2024-03-19T12:24:55+00:00","dateModified":"2025-01-31T10:30:07+00:00","description":"Discoteca VIP Magaluf Mallorca. A noite em Magaluf \u00e9 imperd\u00edvel. Reserve j\u00e1 os seus bilhetes com bebidas inclu\u00eddas (possibilidade de mesa VIP).","breadcrumb":{"@id":"https:\/\/fliparas.com\/activity\/vip-nightclub-magaluf-mallorca\/#breadcrumb"},"inLanguage":"pt-PT","potentialAction":[{"@type":"ReadAction","target":["https:\/\/fliparas.com\/activity\/vip-nightclub-magaluf-mallorca\/"]}]},{"@type":"ImageObject","inLanguage":"pt-PT","@id":"https:\/\/fliparas.com\/activity\/vip-nightclub-magaluf-mallorca\/#primaryimage","url":"https:\/\/fliparas.com\/wp-content\/uploads\/2024\/03\/VIP-Nightclub-Mallorca.jpeg","contentUrl":"https:\/\/fliparas.com\/wp-content\/uploads\/2024\/03\/VIP-Nightclub-Mallorca.jpeg","width":1024,"height":1024},{"@type":"BreadcrumbList","@id":"https:\/\/fliparas.com\/activity\/vip-nightclub-magaluf-mallorca\/#breadcrumb","itemListElement":[{"@type":"ListItem","position":1,"name":"Home","item":"https:\/\/fliparas.com\/"},{"@type":"ListItem","position":2,"name":"Shop","item":"https:\/\/fliparas.com\/shop\/"},{"@type":"ListItem","position":3,"name":"VIP Nightclub Magaluf Mallorca"}]},{"@type":"WebSite","@id":"https:\/\/fliparas.com\/#website","url":"https:\/\/fliparas.com\/","name":"Ag\u00eancia especializada em despedidas de solteiro e de solteira","description":"Confie na ag\u00eancia mais bem classificada para organizar uma despedida de solteiro ou de solteira inesquec\u00edvel na Europa","publisher":{"@id":"https:\/\/fliparas.com\/#organization"},"alternateName":"Fliparas Agency Specialised in Stag and Hen Parties","potentialAction":[{"@type":"SearchAction","target":{"@type":"EntryPoint","urlTemplate":"https:\/\/fliparas.com\/?s={search_term_string}"},"query-input":{"@type":"PropertyValueSpecification","valueRequired":true,"valueName":"search_term_string"}}],"inLanguage":"pt-PT"},{"@type":"Organization","@id":"https:\/\/fliparas.com\/#organization","name":"Fliparas","alternateName":"Agency Specialised in Stag and Hen Parties","url":"https:\/\/fliparas.com\/","logo":{"@type":"ImageObject","inLanguage":"pt-PT","@id":"https:\/\/fliparas.com\/#\/schema\/logo\/image\/","url":"https:\/\/fliparas.com\/wp-content\/uploads\/2024\/03\/Logo-Fliparas.png","contentUrl":"https:\/\/fliparas.com\/wp-content\/uploads\/2024\/03\/Logo-Fliparas.png","width":1024,"height":1024,"caption":"Fliparas"},"image":{"@id":"https:\/\/fliparas.com\/#\/schema\/logo\/image\/"}}]},"product_price_amount":"350.00","product_price_currency":"EUR","og_availability":"instock","product_availability":"instock","product_condition":"new"},"_links":{"self":[{"href":"https:\/\/fliparas.com\/pt\/wp-json\/wp\/v2\/product\/491","targetHints":{"allow":["GET"]}}],"collection":[{"href":"https:\/\/fliparas.com\/pt\/wp-json\/wp\/v2\/product"}],"about":[{"href":"https:\/\/fliparas.com\/pt\/wp-json\/wp\/v2\/types\/product"}],"wp:featuredmedia":[{"embeddable":true,"href":"https:\/\/fliparas.com\/pt\/wp-json\/wp\/v2\/media\/695"}],"wp:attachment":[{"href":"https:\/\/fliparas.com\/pt\/wp-json\/wp\/v2\/media?parent=491"}],"wp:term":[{"taxonomy":"product_brand","embeddable":true,"href":"https:\/\/fliparas.com\/pt\/wp-json\/wp\/v2\/product_brand?post=491"},{"taxonomy":"product_cat","embeddable":true,"href":"https:\/\/fliparas.com\/pt\/wp-json\/wp\/v2\/product_cat?post=491"},{"taxonomy":"product_tag","embeddable":true,"href":"https:\/\/fliparas.com\/pt\/wp-json\/wp\/v2\/product_tag?post=491"}],"curies":[{"name":"wp","href":"https:\/\/api.w.org\/{rel}","templated":true}]}}