{"id":493,"date":"2024-03-19T12:24:55","date_gmt":"2024-03-19T12:24:55","guid":{"rendered":"https:\/\/fliparas.com\/?post_type=product&#038;p=493"},"modified":"2025-01-31T11:30:07","modified_gmt":"2025-01-31T10:30:07","slug":"anao-algemado-mallorca","status":"publish","type":"product","link":"https:\/\/fliparas.com\/pt\/atividade\/anao-algemado-mallorca\/","title":{"rendered":"An\u00e3o algemado de Maiorca"},"content":{"rendered":"<p>An\u00e3o algemado de Mallorca. Uma atividade totalmente ins\u00f3lita e divertida para a vossa despedida de solteiro em Maiorca! Contrate um an\u00e3o para o acompanhar durante 1 hora, algemado a si! Risos garantidos.<\/p>\n<p>As melhores despedidas de solteiro com <a href=\"https:\/\/fliparas.com\/pt\/festa-de-despedida-de-solteira\/\">Festa da galinha<\/a>!<\/p>\n<h2 style=\"text-align: center;\">An\u00e3o algemado Mallorca\ud83d\udc66<\/h2>\n<p>O futuro noivo organiza a sua despedida de solteiro em Maiorca sem ter em conta que pode haver surpresas.<\/p>\n<p>O futuro noivo estar\u00e1 pronto para passar uma noite na ilha, beber uns copos e desfrutar da sua \u00faltima noite de solteiro, mas imagine a cara dele quando conhecer o nosso an\u00e3o! Trata-se de um ator profissional, habituado a fazer espect\u00e1culos engra\u00e7ados e divertidos. O an\u00e3o vai algemar o futuro noivo durante uma hora. Se o futuro noivo for \u00e0 casa de banho, o an\u00e3o tamb\u00e9m vai. Se ele quiser falar com uma rapariga, ter\u00e1 de falar com o an\u00e3o!<\/p>\n<p>Um momento de grande riso garantido! Talvez o futuro noivo n\u00e3o ache piada, mas todos os seus amigos v\u00e3o adorar!<\/p>\n<p>Este gnomo algemado \u00e9 uma atividade vibrante, divertida e original para despedidas de solteiro e de solteira - nem todos podem dizer que estiveram algemados a um gnomo durante uma hora! Esta \u00e9, sem d\u00favida, uma das actividades mais originais para uma despedida de solteiro ou de solteira.<\/p>\n<p>Pode pregar uma boa partida ao futuro noivo surpreendendo-o com um an\u00e3o algemado!<\/p>\n<p>Claro que n\u00e3o ser\u00e1 muito divertido, mas ser\u00e1 uma recorda\u00e7\u00e3o inesquec\u00edvel para o futuro noivo durante a sua despedida de solteiro em Maiorca.<\/p>\n<p>Por conseguinte, a atividade do an\u00e3o algemado deve ser acrescentada \u00e0 sua estadia se quiser pregar uma boa partida ao futuro noivo.<\/p>\n<p style=\"text-align: center;\">Reservar agora An\u00e3o algemado <a href=\"https:\/\/es.wikipedia.org\/wiki\/Mallorca\">Maiorca<\/a> \ud83c\udf89<\/p>","protected":false},"excerpt":{"rendered":"<p>An\u00e3o algemado de Mallorca. Uma atividade totalmente ins\u00f3lita e divertida para a vossa despedida de solteiro em Maiorca! Contrate um an\u00e3o para o acompanhar durante 1 hora, algemado a si! Risos garantidos.<\/p>","protected":false},"featured_media":726,"template":"","meta":[],"product_brand":[425],"product_cat":[193,165],"product_tag":[204,203],"class_list":{"0":"post-493","1":"product","2":"type-product","3":"status-publish","4":"has-post-thumbnail","6":"product_brand-fliparas-inc","7":"product_cat-hen-party-mallorca","8":"product_cat-mallorca","9":"product_tag-handcuffed-dwarf","10":"product_tag-handcuffed-dwarf-mallorca","12":"first","13":"instock","14":"virtual","15":"sold-individually","16":"purchasable","17":"product-type-booking"},"yoast_head":"<!-- This site is optimized with the Yoast SEO plugin v26.9 - https:\/\/yoast.com\/product\/yoast-seo-wordpress\/ -->\n<title>Handcuffed Dwarf Mallorca<\/title>\n<meta name=\"description\" content=\"Handcuffed Dwarf Mallorca. A fun activity for your bachelor party in Mallorca: dwarf to accompany you for 1 hour, handcuffed to you!\" \/>\n<meta name=\"robots\" content=\"index, follow, max-snippet:-1, max-image-preview:large, max-video-preview:-1\" \/>\n<link rel=\"canonical\" href=\"https:\/\/fliparas.com\/pt\/atividade\/anao-algemado-mallorca\/\" \/>\n<meta property=\"og:locale\" content=\"pt_PT\" \/>\n<meta property=\"og:type\" content=\"article\" \/>\n<meta property=\"og:title\" content=\"Handcuffed Dwarf Mallorca\" \/>\n<meta property=\"og:description\" content=\"Handcuffed Dwarf Mallorca. A fun activity for your bachelor party in Mallorca: dwarf to accompany you for 1 hour, handcuffed to you!\" \/>\n<meta property=\"og:url\" content=\"https:\/\/fliparas.com\/pt\/atividade\/anao-algemado-mallorca\/\" \/>\n<meta property=\"og:site_name\" content=\"Agency Specialised in Stag and Hen Parties\" \/>\n<meta property=\"article:modified_time\" content=\"2025-01-31T10:30:07+00:00\" \/>\n<meta property=\"og:image\" content=\"https:\/\/fliparas.com\/wp-content\/uploads\/2024\/03\/Handcuffed-Dwarf-Mallorca-img.jpeg\" \/>\n\t<meta property=\"og:image:width\" content=\"1024\" \/>\n\t<meta property=\"og:image:height\" content=\"1024\" \/>\n\t<meta property=\"og:image:type\" content=\"image\/jpeg\" \/>\n<meta name=\"twitter:card\" content=\"summary_large_image\" \/>\n<meta name=\"twitter:label1\" content=\"pre\u00e7o\" \/>\n\t<meta name=\"twitter:data1\" content=\"600,00&nbsp;&euro;\" \/>\n\t<meta name=\"twitter:label2\" content=\"Disponibilidade\" \/>\n\t<meta name=\"twitter:data2\" content=\"Em stock\" \/>\n<script type=\"application\/ld+json\" class=\"yoast-schema-graph\">{\"@context\":\"https:\/\/schema.org\",\"@graph\":[{\"@type\":\"WebPage\",\"@id\":\"https:\/\/fliparas.com\/activity\/handcuffed-dwarf-mallorca\/\",\"url\":\"https:\/\/fliparas.com\/activity\/handcuffed-dwarf-mallorca\/\",\"name\":\"Handcuffed Dwarf Mallorca\",\"isPartOf\":{\"@id\":\"https:\/\/fliparas.com\/#website\"},\"primaryImageOfPage\":{\"@id\":\"https:\/\/fliparas.com\/activity\/handcuffed-dwarf-mallorca\/#primaryimage\"},\"image\":{\"@id\":\"https:\/\/fliparas.com\/activity\/handcuffed-dwarf-mallorca\/#primaryimage\"},\"thumbnailUrl\":\"https:\/\/fliparas.com\/wp-content\/uploads\/2024\/03\/Handcuffed-Dwarf-Mallorca-img.jpeg\",\"datePublished\":\"2024-03-19T12:24:55+00:00\",\"dateModified\":\"2025-01-31T10:30:07+00:00\",\"description\":\"Handcuffed Dwarf Mallorca. A fun activity for your bachelor party in Mallorca: dwarf to accompany you for 1 hour, handcuffed to you!\",\"breadcrumb\":{\"@id\":\"https:\/\/fliparas.com\/activity\/handcuffed-dwarf-mallorca\/#breadcrumb\"},\"inLanguage\":\"pt-PT\",\"potentialAction\":[{\"@type\":\"ReadAction\",\"target\":[\"https:\/\/fliparas.com\/activity\/handcuffed-dwarf-mallorca\/\"]}]},{\"@type\":\"ImageObject\",\"inLanguage\":\"pt-PT\",\"@id\":\"https:\/\/fliparas.com\/activity\/handcuffed-dwarf-mallorca\/#primaryimage\",\"url\":\"https:\/\/fliparas.com\/wp-content\/uploads\/2024\/03\/Handcuffed-Dwarf-Mallorca-img.jpeg\",\"contentUrl\":\"https:\/\/fliparas.com\/wp-content\/uploads\/2024\/03\/Handcuffed-Dwarf-Mallorca-img.jpeg\",\"width\":1024,\"height\":1024},{\"@type\":\"BreadcrumbList\",\"@id\":\"https:\/\/fliparas.com\/activity\/handcuffed-dwarf-mallorca\/#breadcrumb\",\"itemListElement\":[{\"@type\":\"ListItem\",\"position\":1,\"name\":\"Home\",\"item\":\"https:\/\/fliparas.com\/\"},{\"@type\":\"ListItem\",\"position\":2,\"name\":\"Shop\",\"item\":\"https:\/\/fliparas.com\/shop\/\"},{\"@type\":\"ListItem\",\"position\":3,\"name\":\"Handcuffed Dwarf Mallorca\"}]},{\"@type\":\"WebSite\",\"@id\":\"https:\/\/fliparas.com\/#website\",\"url\":\"https:\/\/fliparas.com\/\",\"name\":\"Agency Specialised in Stag and Hen Parties\",\"description\":\"Trust the highest rated agency to organize an unforgettable stag and hen parties in Europe\",\"publisher\":{\"@id\":\"https:\/\/fliparas.com\/#organization\"},\"alternateName\":\"Fliparas Agency Specialised in Stag and Hen Parties\",\"potentialAction\":[{\"@type\":\"SearchAction\",\"target\":{\"@type\":\"EntryPoint\",\"urlTemplate\":\"https:\/\/fliparas.com\/?s={search_term_string}\"},\"query-input\":{\"@type\":\"PropertyValueSpecification\",\"valueRequired\":true,\"valueName\":\"search_term_string\"}}],\"inLanguage\":\"pt-PT\"},{\"@type\":\"Organization\",\"@id\":\"https:\/\/fliparas.com\/#organization\",\"name\":\"Fliparas\",\"alternateName\":\"Agency Specialised in Stag and Hen Parties\",\"url\":\"https:\/\/fliparas.com\/\",\"logo\":{\"@type\":\"ImageObject\",\"inLanguage\":\"pt-PT\",\"@id\":\"https:\/\/fliparas.com\/#\/schema\/logo\/image\/\",\"url\":\"https:\/\/fliparas.com\/wp-content\/uploads\/2024\/03\/Logo-Fliparas.png\",\"contentUrl\":\"https:\/\/fliparas.com\/wp-content\/uploads\/2024\/03\/Logo-Fliparas.png\",\"width\":1024,\"height\":1024,\"caption\":\"Fliparas\"},\"image\":{\"@id\":\"https:\/\/fliparas.com\/#\/schema\/logo\/image\/\"}}]}<\/script>\n<meta property=\"product:price:amount\" content=\"600.00\" \/>\n<meta property=\"product:price:currency\" content=\"EUR\" \/>\n<meta property=\"og:availability\" content=\"instock\" \/>\n<meta property=\"product:availability\" content=\"instock\" \/>\n<meta property=\"product:condition\" content=\"new\" \/>\n<!-- \/ Yoast SEO plugin. -->","yoast_head_json":{"title":"An\u00e3o algemado de Maiorca","description":"An\u00e3o algemado Mallorca. Uma atividade divertida para a sua despedida de solteiro em Maiorca: um an\u00e3o para o acompanhar durante 1 hora, algemado a si!","robots":{"index":"index","follow":"follow","max-snippet":"max-snippet:-1","max-image-preview":"max-image-preview:large","max-video-preview":"max-video-preview:-1"},"canonical":"https:\/\/fliparas.com\/pt\/atividade\/anao-algemado-mallorca\/","og_locale":"pt_PT","og_type":"article","og_title":"Handcuffed Dwarf Mallorca","og_description":"Handcuffed Dwarf Mallorca. A fun activity for your bachelor party in Mallorca: dwarf to accompany you for 1 hour, handcuffed to you!","og_url":"https:\/\/fliparas.com\/pt\/atividade\/anao-algemado-mallorca\/","og_site_name":"Agency Specialised in Stag and Hen Parties","article_modified_time":"2025-01-31T10:30:07+00:00","og_image":[{"width":1024,"height":1024,"url":"https:\/\/fliparas.com\/wp-content\/uploads\/2024\/03\/Handcuffed-Dwarf-Mallorca-img.jpeg","type":"image\/jpeg"}],"twitter_card":"summary_large_image","twitter_misc":{"pre\u00e7o":"600,00&nbsp;&euro;","Disponibilidade":"Em stock"},"schema":{"@context":"https:\/\/schema.org","@graph":[{"@type":"WebPage","@id":"https:\/\/fliparas.com\/activity\/handcuffed-dwarf-mallorca\/","url":"https:\/\/fliparas.com\/activity\/handcuffed-dwarf-mallorca\/","name":"An\u00e3o algemado de Maiorca","isPartOf":{"@id":"https:\/\/fliparas.com\/#website"},"primaryImageOfPage":{"@id":"https:\/\/fliparas.com\/activity\/handcuffed-dwarf-mallorca\/#primaryimage"},"image":{"@id":"https:\/\/fliparas.com\/activity\/handcuffed-dwarf-mallorca\/#primaryimage"},"thumbnailUrl":"https:\/\/fliparas.com\/wp-content\/uploads\/2024\/03\/Handcuffed-Dwarf-Mallorca-img.jpeg","datePublished":"2024-03-19T12:24:55+00:00","dateModified":"2025-01-31T10:30:07+00:00","description":"An\u00e3o algemado Mallorca. Uma atividade divertida para a sua despedida de solteiro em Maiorca: um an\u00e3o para o acompanhar durante 1 hora, algemado a si!","breadcrumb":{"@id":"https:\/\/fliparas.com\/activity\/handcuffed-dwarf-mallorca\/#breadcrumb"},"inLanguage":"pt-PT","potentialAction":[{"@type":"ReadAction","target":["https:\/\/fliparas.com\/activity\/handcuffed-dwarf-mallorca\/"]}]},{"@type":"ImageObject","inLanguage":"pt-PT","@id":"https:\/\/fliparas.com\/activity\/handcuffed-dwarf-mallorca\/#primaryimage","url":"https:\/\/fliparas.com\/wp-content\/uploads\/2024\/03\/Handcuffed-Dwarf-Mallorca-img.jpeg","contentUrl":"https:\/\/fliparas.com\/wp-content\/uploads\/2024\/03\/Handcuffed-Dwarf-Mallorca-img.jpeg","width":1024,"height":1024},{"@type":"BreadcrumbList","@id":"https:\/\/fliparas.com\/activity\/handcuffed-dwarf-mallorca\/#breadcrumb","itemListElement":[{"@type":"ListItem","position":1,"name":"Home","item":"https:\/\/fliparas.com\/"},{"@type":"ListItem","position":2,"name":"Shop","item":"https:\/\/fliparas.com\/shop\/"},{"@type":"ListItem","position":3,"name":"Handcuffed Dwarf Mallorca"}]},{"@type":"WebSite","@id":"https:\/\/fliparas.com\/#website","url":"https:\/\/fliparas.com\/","name":"Ag\u00eancia especializada em despedidas de solteiro e de solteira","description":"Confie na ag\u00eancia mais bem classificada para organizar uma despedida de solteiro ou de solteira inesquec\u00edvel na Europa","publisher":{"@id":"https:\/\/fliparas.com\/#organization"},"alternateName":"Fliparas Agency Specialised in Stag and Hen Parties","potentialAction":[{"@type":"SearchAction","target":{"@type":"EntryPoint","urlTemplate":"https:\/\/fliparas.com\/?s={search_term_string}"},"query-input":{"@type":"PropertyValueSpecification","valueRequired":true,"valueName":"search_term_string"}}],"inLanguage":"pt-PT"},{"@type":"Organization","@id":"https:\/\/fliparas.com\/#organization","name":"Fliparas","alternateName":"Agency Specialised in Stag and Hen Parties","url":"https:\/\/fliparas.com\/","logo":{"@type":"ImageObject","inLanguage":"pt-PT","@id":"https:\/\/fliparas.com\/#\/schema\/logo\/image\/","url":"https:\/\/fliparas.com\/wp-content\/uploads\/2024\/03\/Logo-Fliparas.png","contentUrl":"https:\/\/fliparas.com\/wp-content\/uploads\/2024\/03\/Logo-Fliparas.png","width":1024,"height":1024,"caption":"Fliparas"},"image":{"@id":"https:\/\/fliparas.com\/#\/schema\/logo\/image\/"}}]},"product_price_amount":"600.00","product_price_currency":"EUR","og_availability":"instock","product_availability":"instock","product_condition":"new"},"_links":{"self":[{"href":"https:\/\/fliparas.com\/pt\/wp-json\/wp\/v2\/product\/493","targetHints":{"allow":["GET"]}}],"collection":[{"href":"https:\/\/fliparas.com\/pt\/wp-json\/wp\/v2\/product"}],"about":[{"href":"https:\/\/fliparas.com\/pt\/wp-json\/wp\/v2\/types\/product"}],"wp:featuredmedia":[{"embeddable":true,"href":"https:\/\/fliparas.com\/pt\/wp-json\/wp\/v2\/media\/726"}],"wp:attachment":[{"href":"https:\/\/fliparas.com\/pt\/wp-json\/wp\/v2\/media?parent=493"}],"wp:term":[{"taxonomy":"product_brand","embeddable":true,"href":"https:\/\/fliparas.com\/pt\/wp-json\/wp\/v2\/product_brand?post=493"},{"taxonomy":"product_cat","embeddable":true,"href":"https:\/\/fliparas.com\/pt\/wp-json\/wp\/v2\/product_cat?post=493"},{"taxonomy":"product_tag","embeddable":true,"href":"https:\/\/fliparas.com\/pt\/wp-json\/wp\/v2\/product_tag?post=493"}],"curies":[{"name":"wp","href":"https:\/\/api.w.org\/{rel}","templated":true}]}}