{"id":495,"date":"2024-03-19T12:24:55","date_gmt":"2024-03-19T12:24:55","guid":{"rendered":"https:\/\/fliparas.com\/?post_type=product&#038;p=495"},"modified":"2025-01-31T11:30:07","modified_gmt":"2025-01-31T10:30:07","slug":"desenho-de-modelo-nua-mallorca","status":"publish","type":"product","link":"https:\/\/fliparas.com\/pt\/atividade\/desenho-de-modelo-nua-mallorca\/","title":{"rendered":"Desenho de Modelo nu Mallorca"},"content":{"rendered":"<p>Desenho de Modelo Nua Mallorca. Desenho de modelo nu em Mallorca. Se gosta de misturar arte e sensualidade, esta \u00e9 a atividade ideal para si!<\/p>\n<p>As melhores despedidas de solteiro com <a href=\"https:\/\/fliparas.com\/pt\/despedida-de-solteiro\/\">Festa de despedida de solteiro<\/a>!<\/p>\n<h2 style=\"text-align: center;\">Mallorca Nude Model Drawing \ud83c\udfa8<\/h2>\n<p style=\"text-align: center;\">VENDA M\u00cdNIMA: 8 PESSOAS.<\/p>\n<p>Pinturas, telas e um espetacular nu feminino\ud83d\udd25.<\/p>\n<p>H\u00e1 muitos tipos de viagens e muitos tipos de despedidas de solteiro. Mas na Stagparty, temos algo para todos! Se gosta de arte mas tamb\u00e9m aprecia os belos corpos femininos, pare de pensar e reserve esta atividade.<\/p>\n<p>Uma atividade original e divertida. Ser\u00e1 que um dos seus amigos vai conseguir manter-se concentrado e fazer um belo desenho enquanto olha para o corpo nu da nossa bela modelo?<\/p>\n<p>A atividade inclui todos os materiais necess\u00e1rios: atelier, tinta, tela e, sobretudo, uma mulher nua! A modelo coloca-se no meio do grupo sem roupa, escolhe uma pose e fica im\u00f3vel at\u00e9 ao fim. Consegues ficar quieto?<\/p>\n<p>Pode incluir champanhe ou vinho para tornar a atividade mais elegante e sensual.\ud83c\udf77<\/p>\n<p>Uma atividade divertida e original com os amigos, um momento de riso garantido! Claro que, no final da atividade, pode levar o seu pano para casa (n\u00e3o se esque\u00e7a de o esconder bem).<\/p>\n<p style=\"text-align: center;\">\ud83d\udd25Livro Sensualidade e Arte\ud83d\udd25<\/p>\n<p style=\"text-align: center;\">Reservar Desenho de Modelo Nu Palma Mallorca<\/p>","protected":false},"excerpt":{"rendered":"<p>Desenho de Modelo Nua Mallorca. Desenho de modelo nu em Mallorca. Se gosta de misturar arte e sensualidade, esta \u00e9 a atividade ideal para si!<\/p>\n<p>VENDA M\u00cdNIMA: 8 PESSOAS.<\/p>","protected":false},"featured_media":742,"template":"","meta":[],"product_brand":[425],"product_cat":[165,194],"product_tag":[206],"class_list":{"0":"post-495","1":"product","2":"type-product","3":"status-publish","4":"has-post-thumbnail","6":"product_brand-fliparas-inc","7":"product_cat-mallorca","8":"product_cat-stag-party-mallorca","9":"product_tag-drawing-of-nude-model","11":"first","12":"instock","13":"virtual","14":"sold-individually","15":"purchasable","16":"product-type-booking"},"yoast_head":"<!-- This site is optimized with the Yoast SEO plugin v26.9 - https:\/\/yoast.com\/product\/yoast-seo-wordpress\/ -->\n<title>Drawing of Nude Model Mallorca<\/title>\n<meta name=\"description\" content=\"Drawing of Nude Model Mallorca. Nude model drawing in Mallorca. If you like mixing art and sensuality, this is the activity for you!\" \/>\n<meta name=\"robots\" content=\"index, follow, max-snippet:-1, max-image-preview:large, max-video-preview:-1\" \/>\n<link rel=\"canonical\" href=\"https:\/\/fliparas.com\/pt\/atividade\/desenho-de-modelo-nua-mallorca\/\" \/>\n<meta property=\"og:locale\" content=\"pt_PT\" \/>\n<meta property=\"og:type\" content=\"article\" \/>\n<meta property=\"og:title\" content=\"Drawing of Nude Model Mallorca\" \/>\n<meta property=\"og:description\" content=\"Drawing of Nude Model Mallorca. Nude model drawing in Mallorca. If you like mixing art and sensuality, this is the activity for you!\" \/>\n<meta property=\"og:url\" content=\"https:\/\/fliparas.com\/pt\/atividade\/desenho-de-modelo-nua-mallorca\/\" \/>\n<meta property=\"og:site_name\" content=\"Agency Specialised in Stag and Hen Parties\" \/>\n<meta property=\"article:modified_time\" content=\"2025-01-31T10:30:07+00:00\" \/>\n<meta property=\"og:image\" content=\"https:\/\/fliparas.com\/wp-content\/uploads\/2024\/03\/Drawing-of-Nude-Model-img.jpeg\" \/>\n\t<meta property=\"og:image:width\" content=\"1080\" \/>\n\t<meta property=\"og:image:height\" content=\"1080\" \/>\n\t<meta property=\"og:image:type\" content=\"image\/jpeg\" \/>\n<meta name=\"twitter:card\" content=\"summary_large_image\" \/>\n<meta name=\"twitter:label1\" content=\"pre\u00e7o\" \/>\n\t<meta name=\"twitter:data1\" content=\"50,00&nbsp;&euro;\" \/>\n\t<meta name=\"twitter:label2\" content=\"Disponibilidade\" \/>\n\t<meta name=\"twitter:data2\" content=\"Em stock\" \/>\n<script type=\"application\/ld+json\" class=\"yoast-schema-graph\">{\"@context\":\"https:\/\/schema.org\",\"@graph\":[{\"@type\":\"WebPage\",\"@id\":\"https:\/\/fliparas.com\/activity\/drawing-of-nude-model-mallorca\/\",\"url\":\"https:\/\/fliparas.com\/activity\/drawing-of-nude-model-mallorca\/\",\"name\":\"Drawing of Nude Model Mallorca\",\"isPartOf\":{\"@id\":\"https:\/\/fliparas.com\/#website\"},\"primaryImageOfPage\":{\"@id\":\"https:\/\/fliparas.com\/activity\/drawing-of-nude-model-mallorca\/#primaryimage\"},\"image\":{\"@id\":\"https:\/\/fliparas.com\/activity\/drawing-of-nude-model-mallorca\/#primaryimage\"},\"thumbnailUrl\":\"https:\/\/fliparas.com\/wp-content\/uploads\/2024\/03\/Drawing-of-Nude-Model-img.jpeg\",\"datePublished\":\"2024-03-19T12:24:55+00:00\",\"dateModified\":\"2025-01-31T10:30:07+00:00\",\"description\":\"Drawing of Nude Model Mallorca. Nude model drawing in Mallorca. If you like mixing art and sensuality, this is the activity for you!\",\"breadcrumb\":{\"@id\":\"https:\/\/fliparas.com\/activity\/drawing-of-nude-model-mallorca\/#breadcrumb\"},\"inLanguage\":\"pt-PT\",\"potentialAction\":[{\"@type\":\"ReadAction\",\"target\":[\"https:\/\/fliparas.com\/activity\/drawing-of-nude-model-mallorca\/\"]}]},{\"@type\":\"ImageObject\",\"inLanguage\":\"pt-PT\",\"@id\":\"https:\/\/fliparas.com\/activity\/drawing-of-nude-model-mallorca\/#primaryimage\",\"url\":\"https:\/\/fliparas.com\/wp-content\/uploads\/2024\/03\/Drawing-of-Nude-Model-img.jpeg\",\"contentUrl\":\"https:\/\/fliparas.com\/wp-content\/uploads\/2024\/03\/Drawing-of-Nude-Model-img.jpeg\",\"width\":1080,\"height\":1080},{\"@type\":\"BreadcrumbList\",\"@id\":\"https:\/\/fliparas.com\/activity\/drawing-of-nude-model-mallorca\/#breadcrumb\",\"itemListElement\":[{\"@type\":\"ListItem\",\"position\":1,\"name\":\"Home\",\"item\":\"https:\/\/fliparas.com\/\"},{\"@type\":\"ListItem\",\"position\":2,\"name\":\"Shop\",\"item\":\"https:\/\/fliparas.com\/shop\/\"},{\"@type\":\"ListItem\",\"position\":3,\"name\":\"Drawing of Nude Model Mallorca\"}]},{\"@type\":\"WebSite\",\"@id\":\"https:\/\/fliparas.com\/#website\",\"url\":\"https:\/\/fliparas.com\/\",\"name\":\"Agency Specialised in Stag and Hen Parties\",\"description\":\"Trust the highest rated agency to organize an unforgettable stag and hen parties in Europe\",\"publisher\":{\"@id\":\"https:\/\/fliparas.com\/#organization\"},\"alternateName\":\"Fliparas Agency Specialised in Stag and Hen Parties\",\"potentialAction\":[{\"@type\":\"SearchAction\",\"target\":{\"@type\":\"EntryPoint\",\"urlTemplate\":\"https:\/\/fliparas.com\/?s={search_term_string}\"},\"query-input\":{\"@type\":\"PropertyValueSpecification\",\"valueRequired\":true,\"valueName\":\"search_term_string\"}}],\"inLanguage\":\"pt-PT\"},{\"@type\":\"Organization\",\"@id\":\"https:\/\/fliparas.com\/#organization\",\"name\":\"Fliparas\",\"alternateName\":\"Agency Specialised in Stag and Hen Parties\",\"url\":\"https:\/\/fliparas.com\/\",\"logo\":{\"@type\":\"ImageObject\",\"inLanguage\":\"pt-PT\",\"@id\":\"https:\/\/fliparas.com\/#\/schema\/logo\/image\/\",\"url\":\"https:\/\/fliparas.com\/wp-content\/uploads\/2024\/03\/Logo-Fliparas.png\",\"contentUrl\":\"https:\/\/fliparas.com\/wp-content\/uploads\/2024\/03\/Logo-Fliparas.png\",\"width\":1024,\"height\":1024,\"caption\":\"Fliparas\"},\"image\":{\"@id\":\"https:\/\/fliparas.com\/#\/schema\/logo\/image\/\"}}]}<\/script>\n<meta property=\"product:price:amount\" content=\"50.00\" \/>\n<meta property=\"product:price:currency\" content=\"EUR\" \/>\n<meta property=\"og:availability\" content=\"instock\" \/>\n<meta property=\"product:availability\" content=\"instock\" \/>\n<meta property=\"product:condition\" content=\"new\" \/>\n<!-- \/ Yoast SEO plugin. -->","yoast_head_json":{"title":"Desenho de Modelo nu Mallorca","description":"Desenho de Modelo Nua Mallorca. Desenho de modelo nu em Mallorca. Se gosta de misturar arte e sensualidade, esta \u00e9 a atividade ideal para si!","robots":{"index":"index","follow":"follow","max-snippet":"max-snippet:-1","max-image-preview":"max-image-preview:large","max-video-preview":"max-video-preview:-1"},"canonical":"https:\/\/fliparas.com\/pt\/atividade\/desenho-de-modelo-nua-mallorca\/","og_locale":"pt_PT","og_type":"article","og_title":"Drawing of Nude Model Mallorca","og_description":"Drawing of Nude Model Mallorca. Nude model drawing in Mallorca. If you like mixing art and sensuality, this is the activity for you!","og_url":"https:\/\/fliparas.com\/pt\/atividade\/desenho-de-modelo-nua-mallorca\/","og_site_name":"Agency Specialised in Stag and Hen Parties","article_modified_time":"2025-01-31T10:30:07+00:00","og_image":[{"width":1080,"height":1080,"url":"https:\/\/fliparas.com\/wp-content\/uploads\/2024\/03\/Drawing-of-Nude-Model-img.jpeg","type":"image\/jpeg"}],"twitter_card":"summary_large_image","twitter_misc":{"pre\u00e7o":"50,00&nbsp;&euro;","Disponibilidade":"Em stock"},"schema":{"@context":"https:\/\/schema.org","@graph":[{"@type":"WebPage","@id":"https:\/\/fliparas.com\/activity\/drawing-of-nude-model-mallorca\/","url":"https:\/\/fliparas.com\/activity\/drawing-of-nude-model-mallorca\/","name":"Desenho de Modelo nu Mallorca","isPartOf":{"@id":"https:\/\/fliparas.com\/#website"},"primaryImageOfPage":{"@id":"https:\/\/fliparas.com\/activity\/drawing-of-nude-model-mallorca\/#primaryimage"},"image":{"@id":"https:\/\/fliparas.com\/activity\/drawing-of-nude-model-mallorca\/#primaryimage"},"thumbnailUrl":"https:\/\/fliparas.com\/wp-content\/uploads\/2024\/03\/Drawing-of-Nude-Model-img.jpeg","datePublished":"2024-03-19T12:24:55+00:00","dateModified":"2025-01-31T10:30:07+00:00","description":"Desenho de Modelo Nua Mallorca. Desenho de modelo nu em Mallorca. Se gosta de misturar arte e sensualidade, esta \u00e9 a atividade ideal para si!","breadcrumb":{"@id":"https:\/\/fliparas.com\/activity\/drawing-of-nude-model-mallorca\/#breadcrumb"},"inLanguage":"pt-PT","potentialAction":[{"@type":"ReadAction","target":["https:\/\/fliparas.com\/activity\/drawing-of-nude-model-mallorca\/"]}]},{"@type":"ImageObject","inLanguage":"pt-PT","@id":"https:\/\/fliparas.com\/activity\/drawing-of-nude-model-mallorca\/#primaryimage","url":"https:\/\/fliparas.com\/wp-content\/uploads\/2024\/03\/Drawing-of-Nude-Model-img.jpeg","contentUrl":"https:\/\/fliparas.com\/wp-content\/uploads\/2024\/03\/Drawing-of-Nude-Model-img.jpeg","width":1080,"height":1080},{"@type":"BreadcrumbList","@id":"https:\/\/fliparas.com\/activity\/drawing-of-nude-model-mallorca\/#breadcrumb","itemListElement":[{"@type":"ListItem","position":1,"name":"Home","item":"https:\/\/fliparas.com\/"},{"@type":"ListItem","position":2,"name":"Shop","item":"https:\/\/fliparas.com\/shop\/"},{"@type":"ListItem","position":3,"name":"Drawing of Nude Model Mallorca"}]},{"@type":"WebSite","@id":"https:\/\/fliparas.com\/#website","url":"https:\/\/fliparas.com\/","name":"Ag\u00eancia especializada em despedidas de solteiro e de solteira","description":"Confie na ag\u00eancia mais bem classificada para organizar uma despedida de solteiro ou de solteira inesquec\u00edvel na Europa","publisher":{"@id":"https:\/\/fliparas.com\/#organization"},"alternateName":"Fliparas Agency Specialised in Stag and Hen Parties","potentialAction":[{"@type":"SearchAction","target":{"@type":"EntryPoint","urlTemplate":"https:\/\/fliparas.com\/?s={search_term_string}"},"query-input":{"@type":"PropertyValueSpecification","valueRequired":true,"valueName":"search_term_string"}}],"inLanguage":"pt-PT"},{"@type":"Organization","@id":"https:\/\/fliparas.com\/#organization","name":"Fliparas","alternateName":"Agency Specialised in Stag and Hen Parties","url":"https:\/\/fliparas.com\/","logo":{"@type":"ImageObject","inLanguage":"pt-PT","@id":"https:\/\/fliparas.com\/#\/schema\/logo\/image\/","url":"https:\/\/fliparas.com\/wp-content\/uploads\/2024\/03\/Logo-Fliparas.png","contentUrl":"https:\/\/fliparas.com\/wp-content\/uploads\/2024\/03\/Logo-Fliparas.png","width":1024,"height":1024,"caption":"Fliparas"},"image":{"@id":"https:\/\/fliparas.com\/#\/schema\/logo\/image\/"}}]},"product_price_amount":"50.00","product_price_currency":"EUR","og_availability":"instock","product_availability":"instock","product_condition":"new"},"_links":{"self":[{"href":"https:\/\/fliparas.com\/pt\/wp-json\/wp\/v2\/product\/495","targetHints":{"allow":["GET"]}}],"collection":[{"href":"https:\/\/fliparas.com\/pt\/wp-json\/wp\/v2\/product"}],"about":[{"href":"https:\/\/fliparas.com\/pt\/wp-json\/wp\/v2\/types\/product"}],"wp:featuredmedia":[{"embeddable":true,"href":"https:\/\/fliparas.com\/pt\/wp-json\/wp\/v2\/media\/742"}],"wp:attachment":[{"href":"https:\/\/fliparas.com\/pt\/wp-json\/wp\/v2\/media?parent=495"}],"wp:term":[{"taxonomy":"product_brand","embeddable":true,"href":"https:\/\/fliparas.com\/pt\/wp-json\/wp\/v2\/product_brand?post=495"},{"taxonomy":"product_cat","embeddable":true,"href":"https:\/\/fliparas.com\/pt\/wp-json\/wp\/v2\/product_cat?post=495"},{"taxonomy":"product_tag","embeddable":true,"href":"https:\/\/fliparas.com\/pt\/wp-json\/wp\/v2\/product_tag?post=495"}],"curies":[{"name":"wp","href":"https:\/\/api.w.org\/{rel}","templated":true}]}}