{"id":496,"date":"2024-03-19T12:24:55","date_gmt":"2024-03-19T12:24:55","guid":{"rendered":"https:\/\/fliparas.com\/?post_type=product&#038;p=496"},"modified":"2025-01-31T11:30:07","modified_gmt":"2025-01-31T10:30:07","slug":"limousine-striptease-mallorca","status":"publish","type":"product","link":"https:\/\/fliparas.com\/pt\/atividade\/limousine-striptease-mallorca\/","title":{"rendered":"Limousine &amp; Striptease Mallorca"},"content":{"rendered":"<div>Limousine e striptease em Maiorca. Servi\u00e7o de limusina de uma hora com 2 garrafas de cava inclu\u00eddas e striptease no interior \"m\u00e1ximo 8 lugares\". Sensualidade e luxo.<\/div>\n<div><\/div>\n<div>As melhores despedidas de solteiro com <a href=\"https:\/\/fliparas.com\/pt\/despedida-de-solteiro\/\">Festa de despedida de solteiro <\/a>!<\/div>\n<div><\/div>\n<h2 style=\"text-align: center;\">Limousine &amp; Striptease Mallorca<\/h2>\n<div>Experimente o luxo com o nosso servi\u00e7o de limusine e stripper em Mallorca! \ud83c\udf7e<\/div>\n<div><\/div>\n<div>Experimente o glamour e o conforto enquanto explora a bela ilha de Maiorca com o nosso servi\u00e7o exclusivo de limusina. Durante uma hora, n\u00e3o s\u00f3 se sentir\u00e1 luxuoso na espa\u00e7osa e elegante limusina, como ter\u00e1 uma rapariga no interior para o fazer desfrutar plenamente da viagem...\u2728<\/div>\n<div><\/div>\n<div>Se viajar numa limusina j\u00e1 \u00e9 uma experi\u00eancia que o faz sentir poderoso, imagine-se com um espet\u00e1culo er\u00f3tico no interior. Com duas garrafas de cava inclu\u00eddas e uma bela rapariga em trajes sum\u00e1rios... a viagem transforma-se numa festa de luxo! Relaxem, desfrutem da companhia e brindem em grande estilo enquanto rumam aos vossos destinos favoritos. \ud83d\udd25<\/div>\n<div><\/div>\n<div>\n<p>O nosso servi\u00e7o de limusinas foi concebido para tornar a sua experi\u00eancia em Maiorca inesquec\u00edvel. Quer se trate de uma ocasi\u00e3o especial, uma despedida de solteiro ou de galinha, ou simplesmente uma viagem de classe, estamos aqui para tornar realidade os seus sonhos de luxo na ilha. Desfrute do pecado na ilha com carreira e mulher sexy.\ud83c\udf34<\/p>\n<\/div>\n<div>Reserve agora e deixe-nos lev\u00e1-la ao pr\u00f3ximo n\u00edvel de sensualidade e prazer em Maiorca e descubra o prazer da exclusividade enquanto passeia pelas ruas de Palma de Maiorca e Magaluf!<\/div>\n<div>\n<div style=\"text-align: center;\"><\/div>\n<div style=\"text-align: center;\">Escolha a sensualidade, escolha o luxo<\/div>\n<div style=\"text-align: center;\">Reservar agora Limousine &amp; Striptease <a href=\"https:\/\/es.wikipedia.org\/wiki\/Mallorca\">Maiorca<\/a>. \ud83d\udd25<\/div>\n<\/div>","protected":false},"excerpt":{"rendered":"<p>Limousine e striptease em Maiorca. Servi\u00e7o de limusina de uma hora com 2 garrafas de cava inclu\u00eddas e striptease no interior \"m\u00e1ximo 8 lugares\". Sensualidade e luxo.<\/p>\n<p>VENDA M\u00cdNIMA: 8 PESSOAS.<\/p>","protected":false},"featured_media":657,"template":"","meta":[],"product_brand":[425],"product_cat":[193,165,194],"product_tag":[190,191,192],"class_list":{"0":"post-496","1":"product","2":"type-product","3":"status-publish","4":"has-post-thumbnail","6":"product_brand-fliparas-inc","7":"product_cat-hen-party-mallorca","8":"product_cat-mallorca","9":"product_cat-stag-party-mallorca","10":"product_tag-limousine-striptease-mallorca","11":"product_tag-limousine-mallorca","12":"product_tag-striptease-mallorca","14":"first","15":"instock","16":"virtual","17":"sold-individually","18":"purchasable","19":"product-type-booking"},"yoast_head":"<!-- This site is optimized with the Yoast SEO plugin v26.9 - https:\/\/yoast.com\/product\/yoast-seo-wordpress\/ -->\n<title>Limousine &amp; Striptease Mallorca<\/title>\n<meta name=\"description\" content=\"Limousine &amp; Striptease Mallorca. One-hour limousine service with 2 bottles of cava included and striptease inside &quot;maximum 8 seats&quot;.\" \/>\n<meta name=\"robots\" content=\"index, follow, max-snippet:-1, max-image-preview:large, max-video-preview:-1\" \/>\n<link rel=\"canonical\" href=\"https:\/\/fliparas.com\/pt\/atividade\/limousine-striptease-mallorca\/\" \/>\n<meta property=\"og:locale\" content=\"pt_PT\" \/>\n<meta property=\"og:type\" content=\"article\" \/>\n<meta property=\"og:title\" content=\"Limousine &amp; Striptease Mallorca\" \/>\n<meta property=\"og:description\" content=\"Limousine &amp; Striptease Mallorca. One-hour limousine service with 2 bottles of cava included and striptease inside &quot;maximum 8 seats&quot;.\" \/>\n<meta property=\"og:url\" content=\"https:\/\/fliparas.com\/pt\/atividade\/limousine-striptease-mallorca\/\" \/>\n<meta property=\"og:site_name\" content=\"Agency Specialised in Stag and Hen Parties\" \/>\n<meta property=\"article:modified_time\" content=\"2025-01-31T10:30:07+00:00\" \/>\n<meta property=\"og:image\" content=\"https:\/\/fliparas.com\/wp-content\/uploads\/2024\/03\/Striptease-Mallorca-VIP.jpg\" \/>\n\t<meta property=\"og:image:width\" content=\"1080\" \/>\n\t<meta property=\"og:image:height\" content=\"1080\" \/>\n\t<meta property=\"og:image:type\" content=\"image\/jpeg\" \/>\n<meta name=\"twitter:card\" content=\"summary_large_image\" \/>\n<meta name=\"twitter:label1\" content=\"pre\u00e7o\" \/>\n\t<meta name=\"twitter:data1\" content=\"70,00&nbsp;&euro;\" \/>\n\t<meta name=\"twitter:label2\" content=\"Disponibilidade\" \/>\n\t<meta name=\"twitter:data2\" content=\"Em stock\" \/>\n<script type=\"application\/ld+json\" class=\"yoast-schema-graph\">{\"@context\":\"https:\/\/schema.org\",\"@graph\":[{\"@type\":\"WebPage\",\"@id\":\"https:\/\/fliparas.com\/activity\/limousine-striptease-mallorca\/\",\"url\":\"https:\/\/fliparas.com\/activity\/limousine-striptease-mallorca\/\",\"name\":\"Limousine & Striptease Mallorca\",\"isPartOf\":{\"@id\":\"https:\/\/fliparas.com\/#website\"},\"primaryImageOfPage\":{\"@id\":\"https:\/\/fliparas.com\/activity\/limousine-striptease-mallorca\/#primaryimage\"},\"image\":{\"@id\":\"https:\/\/fliparas.com\/activity\/limousine-striptease-mallorca\/#primaryimage\"},\"thumbnailUrl\":\"https:\/\/fliparas.com\/wp-content\/uploads\/2024\/03\/Striptease-Mallorca-VIP.jpg\",\"datePublished\":\"2024-03-19T12:24:55+00:00\",\"dateModified\":\"2025-01-31T10:30:07+00:00\",\"description\":\"Limousine & Striptease Mallorca. One-hour limousine service with 2 bottles of cava included and striptease inside \\\"maximum 8 seats\\\".\",\"breadcrumb\":{\"@id\":\"https:\/\/fliparas.com\/activity\/limousine-striptease-mallorca\/#breadcrumb\"},\"inLanguage\":\"pt-PT\",\"potentialAction\":[{\"@type\":\"ReadAction\",\"target\":[\"https:\/\/fliparas.com\/activity\/limousine-striptease-mallorca\/\"]}]},{\"@type\":\"ImageObject\",\"inLanguage\":\"pt-PT\",\"@id\":\"https:\/\/fliparas.com\/activity\/limousine-striptease-mallorca\/#primaryimage\",\"url\":\"https:\/\/fliparas.com\/wp-content\/uploads\/2024\/03\/Striptease-Mallorca-VIP.jpg\",\"contentUrl\":\"https:\/\/fliparas.com\/wp-content\/uploads\/2024\/03\/Striptease-Mallorca-VIP.jpg\",\"width\":1080,\"height\":1080},{\"@type\":\"BreadcrumbList\",\"@id\":\"https:\/\/fliparas.com\/activity\/limousine-striptease-mallorca\/#breadcrumb\",\"itemListElement\":[{\"@type\":\"ListItem\",\"position\":1,\"name\":\"Home\",\"item\":\"https:\/\/fliparas.com\/\"},{\"@type\":\"ListItem\",\"position\":2,\"name\":\"Shop\",\"item\":\"https:\/\/fliparas.com\/shop\/\"},{\"@type\":\"ListItem\",\"position\":3,\"name\":\"Limousine &#038; Striptease Mallorca\"}]},{\"@type\":\"WebSite\",\"@id\":\"https:\/\/fliparas.com\/#website\",\"url\":\"https:\/\/fliparas.com\/\",\"name\":\"Agency Specialised in Stag and Hen Parties\",\"description\":\"Trust the highest rated agency to organize an unforgettable stag and hen parties in Europe\",\"publisher\":{\"@id\":\"https:\/\/fliparas.com\/#organization\"},\"alternateName\":\"Fliparas Agency Specialised in Stag and Hen Parties\",\"potentialAction\":[{\"@type\":\"SearchAction\",\"target\":{\"@type\":\"EntryPoint\",\"urlTemplate\":\"https:\/\/fliparas.com\/?s={search_term_string}\"},\"query-input\":{\"@type\":\"PropertyValueSpecification\",\"valueRequired\":true,\"valueName\":\"search_term_string\"}}],\"inLanguage\":\"pt-PT\"},{\"@type\":\"Organization\",\"@id\":\"https:\/\/fliparas.com\/#organization\",\"name\":\"Fliparas\",\"alternateName\":\"Agency Specialised in Stag and Hen Parties\",\"url\":\"https:\/\/fliparas.com\/\",\"logo\":{\"@type\":\"ImageObject\",\"inLanguage\":\"pt-PT\",\"@id\":\"https:\/\/fliparas.com\/#\/schema\/logo\/image\/\",\"url\":\"https:\/\/fliparas.com\/wp-content\/uploads\/2024\/03\/Logo-Fliparas.png\",\"contentUrl\":\"https:\/\/fliparas.com\/wp-content\/uploads\/2024\/03\/Logo-Fliparas.png\",\"width\":1024,\"height\":1024,\"caption\":\"Fliparas\"},\"image\":{\"@id\":\"https:\/\/fliparas.com\/#\/schema\/logo\/image\/\"}}]}<\/script>\n<meta property=\"product:price:amount\" content=\"70.00\" \/>\n<meta property=\"product:price:currency\" content=\"EUR\" \/>\n<meta property=\"og:availability\" content=\"instock\" \/>\n<meta property=\"product:availability\" content=\"instock\" \/>\n<meta property=\"product:condition\" content=\"new\" \/>\n<!-- \/ Yoast SEO plugin. -->","yoast_head_json":{"title":"Limousine &amp; Striptease Mallorca","description":"Limousine e striptease em Maiorca. Servi\u00e7o de limusina de uma hora com 2 garrafas de cava inclu\u00eddas e striptease no interior \"m\u00e1ximo 8 lugares\".","robots":{"index":"index","follow":"follow","max-snippet":"max-snippet:-1","max-image-preview":"max-image-preview:large","max-video-preview":"max-video-preview:-1"},"canonical":"https:\/\/fliparas.com\/pt\/atividade\/limousine-striptease-mallorca\/","og_locale":"pt_PT","og_type":"article","og_title":"Limousine & Striptease Mallorca","og_description":"Limousine & Striptease Mallorca. One-hour limousine service with 2 bottles of cava included and striptease inside \"maximum 8 seats\".","og_url":"https:\/\/fliparas.com\/pt\/atividade\/limousine-striptease-mallorca\/","og_site_name":"Agency Specialised in Stag and Hen Parties","article_modified_time":"2025-01-31T10:30:07+00:00","og_image":[{"width":1080,"height":1080,"url":"https:\/\/fliparas.com\/wp-content\/uploads\/2024\/03\/Striptease-Mallorca-VIP.jpg","type":"image\/jpeg"}],"twitter_card":"summary_large_image","twitter_misc":{"pre\u00e7o":"70,00&nbsp;&euro;","Disponibilidade":"Em stock"},"schema":{"@context":"https:\/\/schema.org","@graph":[{"@type":"WebPage","@id":"https:\/\/fliparas.com\/activity\/limousine-striptease-mallorca\/","url":"https:\/\/fliparas.com\/activity\/limousine-striptease-mallorca\/","name":"Limousine &amp; Striptease Mallorca","isPartOf":{"@id":"https:\/\/fliparas.com\/#website"},"primaryImageOfPage":{"@id":"https:\/\/fliparas.com\/activity\/limousine-striptease-mallorca\/#primaryimage"},"image":{"@id":"https:\/\/fliparas.com\/activity\/limousine-striptease-mallorca\/#primaryimage"},"thumbnailUrl":"https:\/\/fliparas.com\/wp-content\/uploads\/2024\/03\/Striptease-Mallorca-VIP.jpg","datePublished":"2024-03-19T12:24:55+00:00","dateModified":"2025-01-31T10:30:07+00:00","description":"Limousine e striptease em Maiorca. Servi\u00e7o de limusina de uma hora com 2 garrafas de cava inclu\u00eddas e striptease no interior \"m\u00e1ximo 8 lugares\".","breadcrumb":{"@id":"https:\/\/fliparas.com\/activity\/limousine-striptease-mallorca\/#breadcrumb"},"inLanguage":"pt-PT","potentialAction":[{"@type":"ReadAction","target":["https:\/\/fliparas.com\/activity\/limousine-striptease-mallorca\/"]}]},{"@type":"ImageObject","inLanguage":"pt-PT","@id":"https:\/\/fliparas.com\/activity\/limousine-striptease-mallorca\/#primaryimage","url":"https:\/\/fliparas.com\/wp-content\/uploads\/2024\/03\/Striptease-Mallorca-VIP.jpg","contentUrl":"https:\/\/fliparas.com\/wp-content\/uploads\/2024\/03\/Striptease-Mallorca-VIP.jpg","width":1080,"height":1080},{"@type":"BreadcrumbList","@id":"https:\/\/fliparas.com\/activity\/limousine-striptease-mallorca\/#breadcrumb","itemListElement":[{"@type":"ListItem","position":1,"name":"Home","item":"https:\/\/fliparas.com\/"},{"@type":"ListItem","position":2,"name":"Shop","item":"https:\/\/fliparas.com\/shop\/"},{"@type":"ListItem","position":3,"name":"Limousine &#038; Striptease Mallorca"}]},{"@type":"WebSite","@id":"https:\/\/fliparas.com\/#website","url":"https:\/\/fliparas.com\/","name":"Ag\u00eancia especializada em despedidas de solteiro e de solteira","description":"Confie na ag\u00eancia mais bem classificada para organizar uma despedida de solteiro ou de solteira inesquec\u00edvel na Europa","publisher":{"@id":"https:\/\/fliparas.com\/#organization"},"alternateName":"Fliparas Agency Specialised in Stag and Hen Parties","potentialAction":[{"@type":"SearchAction","target":{"@type":"EntryPoint","urlTemplate":"https:\/\/fliparas.com\/?s={search_term_string}"},"query-input":{"@type":"PropertyValueSpecification","valueRequired":true,"valueName":"search_term_string"}}],"inLanguage":"pt-PT"},{"@type":"Organization","@id":"https:\/\/fliparas.com\/#organization","name":"Fliparas","alternateName":"Agency Specialised in Stag and Hen Parties","url":"https:\/\/fliparas.com\/","logo":{"@type":"ImageObject","inLanguage":"pt-PT","@id":"https:\/\/fliparas.com\/#\/schema\/logo\/image\/","url":"https:\/\/fliparas.com\/wp-content\/uploads\/2024\/03\/Logo-Fliparas.png","contentUrl":"https:\/\/fliparas.com\/wp-content\/uploads\/2024\/03\/Logo-Fliparas.png","width":1024,"height":1024,"caption":"Fliparas"},"image":{"@id":"https:\/\/fliparas.com\/#\/schema\/logo\/image\/"}}]},"product_price_amount":"70.00","product_price_currency":"EUR","og_availability":"instock","product_availability":"instock","product_condition":"new"},"_links":{"self":[{"href":"https:\/\/fliparas.com\/pt\/wp-json\/wp\/v2\/product\/496","targetHints":{"allow":["GET"]}}],"collection":[{"href":"https:\/\/fliparas.com\/pt\/wp-json\/wp\/v2\/product"}],"about":[{"href":"https:\/\/fliparas.com\/pt\/wp-json\/wp\/v2\/types\/product"}],"wp:featuredmedia":[{"embeddable":true,"href":"https:\/\/fliparas.com\/pt\/wp-json\/wp\/v2\/media\/657"}],"wp:attachment":[{"href":"https:\/\/fliparas.com\/pt\/wp-json\/wp\/v2\/media?parent=496"}],"wp:term":[{"taxonomy":"product_brand","embeddable":true,"href":"https:\/\/fliparas.com\/pt\/wp-json\/wp\/v2\/product_brand?post=496"},{"taxonomy":"product_cat","embeddable":true,"href":"https:\/\/fliparas.com\/pt\/wp-json\/wp\/v2\/product_cat?post=496"},{"taxonomy":"product_tag","embeddable":true,"href":"https:\/\/fliparas.com\/pt\/wp-json\/wp\/v2\/product_tag?post=496"}],"curies":[{"name":"wp","href":"https:\/\/api.w.org\/{rel}","templated":true}]}}